{"id":1327,"date":"2025-01-31T13:46:10","date_gmt":"2025-01-31T12:46:10","guid":{"rendered":"https:\/\/moovers.tunueva.website\/politica-de-cookies\/"},"modified":"2025-03-19T10:07:15","modified_gmt":"2025-03-19T09:07:15","slug":"polityka-plikow-cookie","status":"publish","type":"page","link":"https:\/\/moovers.tunueva.website\/pl\/polityka-plikow-cookie\/","title":{"rendered":"Polityka plik\u00f3w cookie"},"content":{"rendered":"\t\t<div data-elementor-type=\"wp-page\" data-elementor-id=\"1327\" class=\"elementor elementor-1327 elementor-513\" data-elementor-post-type=\"page\">\n\t\t\t\t<div class=\"elementor-element elementor-element-e2b5dbc e-flex e-con-boxed e-con e-parent\" data-id=\"e2b5dbc\" data-element_type=\"container\" data-e-type=\"container\">\n\t\t\t\t\t<div class=\"e-con-inner\">\n\t\t\t\t<div class=\"elementor-element elementor-element-70f67b0 elementor-widget elementor-widget-text-editor\" data-id=\"70f67b0\" data-element_type=\"widget\" data-e-type=\"widget\" data-widget_type=\"text-editor.default\">\n\t\t\t\t\t\t\t\t\t<h1 class=\"wp-block-post-title\">Polityka Cookies (UE)<\/h1><div id=\"cmplz-document\" class=\"cmplz-document cookie-statement cmplz-document-eu\"><p><i>Ta polityka cookies zosta\u0142a ostatnio zaktualizowana 24\/05\/2024 i ma zastosowanie do obywateli oraz sta\u0142ych rezydent\u00f3w Europejskiego Obszaru Gospodarczego i Szwajcarii.<\/i><\/p><h2>1. Wst\u0119p<\/h2><p>Nasza strona internetowa, <a href=\"https:\/\/moovers.tunueva.website\/\">https:\/\/moovers.tunueva.website<\/a> (dalej: \u201estrona internetowa\u201d) u\u017cywa plik\u00f3w cookies i innych powi\u0105zanych technologii (dla wygody wszystkie technologie nazywamy \u201ecookies\u201d). Pliki cookies s\u0105 r\u00f3wnie\u017c umieszczane przez strony trzecie, z kt\u00f3rymi wsp\u00f3\u0142pracujemy. W poni\u017cszym dokumencie informujemy Ci\u0119 o u\u017cywaniu plik\u00f3w cookies na naszej stronie.<\/p><h2>2. Czym s\u0105 pliki cookies?<\/h2><p>Plik cookie to ma\u0142y plik, kt\u00f3ry jest wysy\u0142any wraz ze stronami tej witryny i przechowywany na dysku twardym Twojego komputera lub innego urz\u0105dzenia. Przechowywane informacje mog\u0105 by\u0107 przesy\u0142ane z powrotem do naszych serwer\u00f3w lub serwer\u00f3w stron trzecich podczas kolejnej wizyty.<\/p><h2>3. Czym s\u0105 skrypty?<\/h2><p>Skrypt to fragment kodu programu, kt\u00f3ry jest u\u017cywany, aby nasza strona dzia\u0142a\u0142a poprawnie i interaktywnie. Ten kod jest wykonywany na naszym serwerze lub na Twoim urz\u0105dzeniu.<\/p><h2>4. Czym jest sygnalizator webowy?<\/h2><p>Sygnalizator webowy (lub znacznik pikselowy) to ma\u0142y i niewidoczny fragment tekstu lub obrazu na stronie internetowej, kt\u00f3ry s\u0142u\u017cy do monitorowania ruchu na stronie. W tym celu te sygnalizatory przechowuj\u0105 r\u00f3\u017cne dane o Tobie.<\/p><h2>5. Pliki cookies<\/h2><p class=\"cmplz-subtitle\"><strong>5.1 Techniczne lub funkcjonalne pliki cookies<\/strong><\/p><p>Niekt\u00f3re pliki cookies zapewniaj\u0105, \u017ce okre\u015blone cz\u0119\u015bci strony dzia\u0142aj\u0105 poprawnie i \u017ce Twoje preferencje u\u017cytkownika s\u0105 zapami\u0119tywane. Umieszczaj\u0105c funkcjonalne pliki cookies, u\u0142atwiamy Ci korzystanie z naszej strony. Dzi\u0119ki temu nie musisz wielokrotnie wprowadza\u0107 tych samych informacji, a na przyk\u0142ad produkty pozostaj\u0105 w Twoim koszyku, dop\u00f3ki ich nie op\u0142acisz. Mo\u017cemy umieszcza\u0107 te pliki cookies bez Twojej zgody.<\/p><p class=\"cmplz-subtitle\"><strong>5.2 Pliki cookies statystyczne<\/strong><\/p><p>U\u017cywamy plik\u00f3w cookies statystycznych, aby optymalizowa\u0107 do\u015bwiadczenie u\u017cytkownika na naszej stronie. Dzi\u0119ki tym plikom cookies uzyskujemy informacje o korzystaniu z naszej strony. Prosimy o Twoj\u0105 zgod\u0119 na ich u\u017cycie.<\/p><p class=\"cmplz-subtitle\"><strong>5.3 Pliki cookies marketingowe\/\u015bledz\u0105ce<\/strong><\/p><p>Pliki cookies marketingowe\/\u015bledz\u0105ce to pliki cookies lub inne formy lokalnego przechowywania, u\u017cywane do tworzenia profili u\u017cytkownik\u00f3w w celu wy\u015bwietlania reklam lub \u015bledzenia u\u017cytkownika na tej lub innych stronach internetowych w celach marketingowych.<\/p><p class=\"cmplz-subtitle\"><strong>5.4 Media spo\u0142eczno\u015bciowe<\/strong><\/p><p>Na naszej stronie umie\u015bcili\u015bmy tre\u015bci z Facebooka, LinkedIn, Instagrama i TikToka, aby promowa\u0107 strony internetowe (np. przyciski \u201eLubi\u0119 to\u201d, \u201ePin it\u201d) lub udost\u0119pnia\u0107 tre\u015bci (np. \u201eTweetuj\u201d) w mediach spo\u0142eczno\u015bciowych. Te tre\u015bci s\u0105 osadzone za pomoc\u0105 kodu pochodz\u0105cego z Facebooka, LinkedIn, Instagrama i TikToka, co powoduje umieszczenie plik\u00f3w cookies. Te tre\u015bci mog\u0105 przetwarza\u0107 pewne informacje w celach personalizacji reklam.<\/p><p>Przeczytaj polityk\u0119 prywatno\u015bci tych serwis\u00f3w spo\u0142eczno\u015bciowych (kt\u00f3ra mo\u017ce si\u0119 regularnie zmienia\u0107), aby dowiedzie\u0107 si\u0119, co robi\u0105 z Twoimi danymi osobowymi przetwarzanymi za pomoc\u0105 tych plik\u00f3w cookies. Dane, kt\u00f3re otrzymuj\u0105, s\u0105 w mo\u017cliwie najwi\u0119kszym stopniu anonimizowane. Facebook, LinkedIn, Instagram i TikTok znajduj\u0105 si\u0119 w Stanach Zjednoczonych.<\/p><h2>6. U\u017cywane pliki cookies<\/h2><table><tbody><tr><th colspan=\"3\">Marketing\/\u015aledzenie<\/th><\/tr><tr><th>Nazwa<\/th><th>Okres wa\u017cno\u015bci<\/th><th>Funkcja<\/th><\/tr><tr><td>_fbc<\/td><td>2 lata<\/td><td>Przechowywanie ostatniej wizyty<\/td><\/tr><tr><td>fbm*<\/td><td>1 rok<\/td><td>Zapisywanie danych konta<\/td><\/tr><tr><td>fr<\/td><td>3 miesi\u0105ce<\/td><td>W\u0142\u0105czanie wy\u015bwietlania reklam lub retargetingu<\/td><\/tr><tr><td>_fbp<\/td><td>3 miesi\u0105ce<\/td><td>\u015aledzenie wizyt na wielu stronach internetowych<\/td><\/tr><tr><td>datr<\/td><td>2 lata<\/td><td>Zapobieganie oszustwom<\/td><\/tr><\/tbody><\/table><h2>7. Zgoda<\/h2><p>Podczas pierwszej wizyty na naszej stronie poka\u017cemy Ci wyskakuj\u0105ce okienko z wyja\u015bnieniem dotycz\u0105cym plik\u00f3w cookies. Klikaj\u0105c \u201eZapisz preferencje\u201d, wyra\u017casz zgod\u0119 na u\u017cywanie wybranych kategorii plik\u00f3w cookies, jak opisano w niniejszej polityce cookies. Mo\u017cesz wy\u0142\u0105czy\u0107 pliki cookies w ustawieniach swojej przegl\u0105darki, ale pami\u0119taj, \u017ce strona mo\u017ce nie dzia\u0142a\u0107 poprawnie.<\/p><h2>8. Aktywacja\/dezaktywacja i usuwanie plik\u00f3w cookies<\/h2><p>Mo\u017cesz u\u017cywa\u0107 swojej przegl\u0105darki internetowej do usuwania plik\u00f3w cookies automatycznie lub r\u0119cznie. Mo\u017cesz tak\u017ce okre\u015bli\u0107, kt\u00f3re pliki cookies nie mog\u0105 by\u0107 umieszczane. Inna opcja to zmiana ustawie\u0144 przegl\u0105darki tak, aby otrzymywa\u0107 powiadomienie za ka\u017cdym razem, gdy plik cookie jest umieszczany.<\/p><h2>9. Twoje prawa w zakresie danych osobowych<\/h2><p>Masz nast\u0119puj\u0105ce prawa dotycz\u0105ce swoich danych osobowych:<\/p><ul><li>Masz prawo wiedzie\u0107, dlaczego Twoje dane osobowe s\u0105 potrzebne, jak b\u0119d\u0105 wykorzystywane i jak d\u0142ugo b\u0119d\u0105 przechowywane.<\/li><li>Prawo dost\u0119pu: masz prawo dost\u0119pu do swoich danych osobowych.<\/li><li>Prawo do poprawiania i usuni\u0119cia: masz prawo do poprawienia, usuni\u0119cia lub zablokowania swoich danych osobowych.<\/li><li>Je\u015bli wyrazi\u0142e\u015b zgod\u0119 na przetwarzanie swoich danych, masz prawo do jej cofni\u0119cia.<\/li><li>Prawo do przekazania swoich danych: masz prawo za\u017c\u0105da\u0107 wszystkich swoich danych osobowych i przekaza\u0107 je innemu administratorowi.<\/li><li>Prawo do sprzeciwu wobec przetwarzania danych: mo\u017cesz sprzeciwi\u0107 si\u0119 przetwarzaniu swoich danych.<\/li><\/ul><h2>10. Dane kontaktowe<\/h2><p>W przypadku pyta\u0144 i\/lub komentarzy dotycz\u0105cych naszej polityki cookies i niniejszego o\u015bwiadczenia, skontaktuj si\u0119 z nami, korzystaj\u0105c z poni\u017cszych danych kontaktowych:<\/p><p><span class=\"cmplz-contact-organisation\">UNIONE MOTION S.L<\/span><br \/><span class=\"cmplz-contact-address\">Talavera de la Reina, 45600, Toledo, ES<\/span><br \/><span class=\"cmplz-contact-country\">Hiszpania<\/span><br \/>Strona internetowa: <span class=\"cmplz-contact-domain\"><a href=\"https:\/\/moovers.tunueva.website\/\">https:\/\/moovers.tunueva.website<\/a><\/span><br \/>E-mail: <span class=\"cmplz-contact-email\">info@moovers.mobi<\/span><br \/><span class=\"cmplz-contact-telephone\">Telefon: +34 648 978 019<\/span><\/p><\/div>\t\t\t\t\t\t\t\t<\/div>\n\t\t\t\t\t<\/div>\n\t\t\t\t<\/div>\n\t\t\t\t<\/div>\n\t\t","protected":false},"excerpt":{"rendered":"<p>Polityka Cookies (UE) Ta polityka cookies zosta\u0142a ostatnio zaktualizowana 24\/05\/2024 i ma zastosowanie do obywateli oraz sta\u0142ych rezydent\u00f3w Europejskiego Obszaru Gospodarczego i Szwajcarii. 1. Wst\u0119p Nasza strona internetowa, https:\/\/moovers.tunueva.website (dalej: \u201estrona internetowa\u201d) u\u017cywa plik\u00f3w cookies i innych powi\u0105zanych technologii (dla wygody wszystkie technologie nazywamy \u201ecookies\u201d). Pliki cookies s\u0105 r\u00f3wnie\u017c umieszczane przez strony trzecie, z kt\u00f3rymi [&hellip;]<\/p>\n","protected":false},"author":1,"featured_media":0,"parent":0,"menu_order":0,"comment_status":"closed","ping_status":"closed","template":"","meta":{"footnotes":""},"class_list":["post-1327","page","type-page","status-publish","hentry"],"_links":{"self":[{"href":"https:\/\/moovers.tunueva.website\/pl\/wp-json\/wp\/v2\/pages\/1327","targetHints":{"allow":["GET"]}}],"collection":[{"href":"https:\/\/moovers.tunueva.website\/pl\/wp-json\/wp\/v2\/pages"}],"about":[{"href":"https:\/\/moovers.tunueva.website\/pl\/wp-json\/wp\/v2\/types\/page"}],"author":[{"embeddable":true,"href":"https:\/\/moovers.tunueva.website\/pl\/wp-json\/wp\/v2\/users\/1"}],"replies":[{"embeddable":true,"href":"https:\/\/moovers.tunueva.website\/pl\/wp-json\/wp\/v2\/comments?post=1327"}],"version-history":[{"count":0,"href":"https:\/\/moovers.tunueva.website\/pl\/wp-json\/wp\/v2\/pages\/1327\/revisions"}],"wp:attachment":[{"href":"https:\/\/moovers.tunueva.website\/pl\/wp-json\/wp\/v2\/media?parent=1327"}],"curies":[{"name":"wp","href":"https:\/\/api.w.org\/{rel}","templated":true}]}}