{"id":1275,"date":"2025-01-31T13:45:56","date_gmt":"2025-01-31T12:45:56","guid":{"rendered":"https:\/\/moovers.tunueva.website\/politica-de-privacidad\/"},"modified":"2025-03-19T09:18:40","modified_gmt":"2025-03-19T08:18:40","slug":"polityke-prywatnosci","status":"publish","type":"page","link":"https:\/\/moovers.tunueva.website\/pl\/polityke-prywatnosci\/","title":{"rendered":"Polityk\u0119 prywatno\u015bci"},"content":{"rendered":"\t\t<div data-elementor-type=\"wp-page\" data-elementor-id=\"1275\" class=\"elementor elementor-1275 elementor-511\" data-elementor-post-type=\"page\">\n\t\t\t\t<div class=\"elementor-element elementor-element-03a77d8 e-flex e-con-boxed e-con e-parent\" data-id=\"03a77d8\" data-element_type=\"container\" data-e-type=\"container\">\n\t\t\t\t\t<div class=\"e-con-inner\">\n\t\t\t\t<div class=\"elementor-element elementor-element-d04fe1f elementor-widget elementor-widget-text-editor\" data-id=\"d04fe1f\" data-element_type=\"widget\" data-e-type=\"widget\" data-widget_type=\"text-editor.default\">\n\t\t\t\t\t\t\t\t\t<header><h1>Wynajem samochod\u00f3w na lotnisku w Alicante | Polityka prywatno\u015bci<\/h1><\/header><div><h1 class=\"wp-block-heading\">Informacja prawna i polityka prywatno\u015bci<\/h1><p><strong>Wa\u017cne jest, aby uwa\u017cnie przeczyta\u0107 poni\u017csze informacje. Je\u015bli masz jakiekolwiek pytania dotycz\u0105ce konkretnego aspektu, zapraszamy do kontaktu z nami.<\/strong><\/p><p><strong>To\u017csamo\u015b\u0107 i w\u0142a\u015bcicielstwo strony internetowej<\/strong><\/p><p>Podmiotem odpowiedzialnym za t\u0119 stron\u0119 internetow\u0105 jest UNIONE MOTION S.L.<\/p><p>W przypadku jakichkolwiek pyta\u0144 dotycz\u0105cych niniejszej Informacji Prawnej oraz Warunk\u00f3w Korzystania, u\u017cytkownik mo\u017ce skontaktowa\u0107 si\u0119 z nami poprzez:<\/p><ul class=\"wp-block-list\"><li>Adres e-mail: rgpd@unione.es<\/li><li>Adres pocztowy: Calle Doctor Fleming, 399, 45600, Talavera de la Reina (Toledo)<\/li><li>Telefon: (34) 688 70 33 20<\/li><\/ul><h2 class=\"wp-block-heading\">WARUNKI KORZYSTANIA<\/h2><h3 class=\"wp-block-heading\">To jest umowa<\/h3><p>Dost\u0119p, korzystanie, przegl\u0105danie i uczestnictwo w us\u0142ugach i aktywno\u015bciach tej strony internetowej od samego pocz\u0105tku nadaj\u0105 Ci status U\u017cytkownika. Kontynuowanie przegl\u0105dania oznacza wyra\u017an\u0105, dobrowoln\u0105 i bezwarunkow\u0105 akceptacj\u0119 Warunk\u00f3w Korzystania z tej strony internetowej. Je\u015bli nie akceptujesz tych warunk\u00f3w, powiniene\u015b powstrzyma\u0107 si\u0119 od dost\u0119pu i\/lub korzystania z tre\u015bci i us\u0142ug oferowanych na tej stronie.<\/p><p>Akceptacja Warunk\u00f3w Korzystania oznacza, \u017ce jako U\u017cytkownik:<\/p><ul class=\"wp-block-list\"><li>o\u015bwiadczasz, \u017ce przeczyta\u0142e\u015b, rozumiesz i w pe\u0142ni pojmujesz tre\u015b\u0107 Warunk\u00f3w.<\/li><li>o\u015bwiadczasz, \u017ce wszystkie informacje, kt\u00f3re nam przekazujesz w ramach korzystania z naszych us\u0142ug, s\u0105 prawdziwe i dok\u0142adne, bez ogranicze\u0144, zastrze\u017ce\u0144 lub fa\u0142szywych informacji.<\/li><li>aby m\u00f3c korzysta\u0107 z niekt\u00f3rych us\u0142ug oferowanych na tej stronie, wyra\u017anie akceptujesz nast\u0119puj\u0105ce <strong>Warunki Korzystania<\/strong>, <strong>Polityk\u0119 Prywatno\u015bci<\/strong> oraz <strong>Polityk\u0119 Cookies<\/strong> w odniesieniu do celu przetwarzania danych, kt\u00f3ry zosta\u0142 Ci wcze\u015bniej wyja\u015bniony przed przes\u0142aniem swoich danych osobowych.<\/li><\/ul><p>Korzystanie i dost\u0119p do tej strony internetowej s\u0105 bezp\u0142atne, z zastrze\u017ceniem koszt\u00f3w po\u0142\u0105czenia i danych poprzez odpowiedni\u0105 sie\u0107 telekomunikacyjn\u0105, kt\u00f3ra zapewnia Ci dost\u0119p jako U\u017cytkownik.<\/p><p>Jako U\u017cytkownik udzielasz UNIONE MOTION S.L. prawa do autoryzowania os\u00f3b trzecich do wykonywania praw przyznanych UNIONE MOTION S.L. na mocy niniejszych Warunk\u00f3w Korzystania.<\/p><h3 class=\"wp-block-heading\">W\u0142asno\u015b\u0107 intelektualna i przemys\u0142owa<\/h3><h3 class=\"wp-block-heading\">Kto jest w\u0142a\u015bcicielem tre\u015bci tej strony?<\/h3><p>Ta strona internetowa oraz zawarte na niej informacje lub elementy (w tym m.in. programowanie, edycja, kompilacja i inne elementy niezb\u0119dne do jej funkcjonowania, wszystkie projekty, teksty, grafiki, ikony, przyciski, dokumenty, informacje, pliki d\u017awi\u0119kowe i\/lub obrazy, kod \u017ar\u00f3d\u0142owy itp.), a tak\u017ce logotypy, marki, nazwy handlowe lub inne znaki towarowe i przemys\u0142owe (zwane dalej \u201eTre\u015bci\u0105 strony internetowej\u201d) s\u0105 chronione prawami w\u0142asno\u015bci intelektualnej i przemys\u0142owej, kt\u00f3rych w\u0142a\u015bcicielem jest UNIONE MOTION S.L. lub kt\u00f3re posiada na podstawie licencji lub wyra\u017anej zgody na ich wykorzystanie.<\/p><h3 class=\"wp-block-heading\">Jakie ograniczenia i uprawnienia dotycz\u0105 korzystania z tre\u015bci tej strony?<\/h3><p>Jako U\u017cytkownik zobowi\u0105zujesz si\u0119 do w\u0142a\u015bciwego korzystania z tre\u015bci i narz\u0119dzi dost\u0119pnych na tej stronie internetowej, zgodnie z prawem i niniejszymi Warunkami Korzystania. W zwi\u0105zku z tym wyra\u017anie zobowi\u0105zujesz si\u0119 do zabezpieczenia UNIONE MOTION S.L. przed wszelk\u0105 odpowiedzialno\u015bci\u0105 wobec jakiejkolwiek osoby wynikaj\u0105c\u0105 z korzystania przez Ciebie z Tre\u015bci strony internetowej niezgodnie z tymi Warunkami lub obowi\u0105zuj\u0105cym prawem.<\/p><p>Pod \u017cadnym pozorem korzystanie z tej strony internetowej nie oznacza przyznania U\u017cytkownikowi jakiejkolwiek autoryzacji lub licencji, ani te\u017c nie stanowi zrzeczenia si\u0119, przekazania lub ca\u0142kowitego b\u0105d\u017a cz\u0119\u015bciowego cesji praw w\u0142asno\u015bci intelektualnej, przemys\u0142owej lub wizerunku.<\/p><p>Ka\u017cde wcze\u015bniejsze nieautoryzowane u\u017cycie przez UNIONE MOTION S.L. b\u0119dzie traktowane jako powa\u017cne naruszenie praw w\u0142asno\u015bci intelektualnej lub przemys\u0142owej, kt\u00f3re mo\u017ce skutkowa\u0107 dzia\u0142aniami prawnymi.<\/p><h2 class=\"wp-block-heading\">Odpowiedzialno\u015b\u0107<\/h2><h3 class=\"wp-block-heading\">Za co odpowiada UNIONE MOTION S.L. jako w\u0142a\u015bciciel tej strony?<\/h3><p>UNIONE MOTION S.L. ponosi odpowiedzialno\u015b\u0107 wy\u0142\u0105cznie wobec U\u017cytkownika za us\u0142ugi \u015bwiadczone bezpo\u015brednio za po\u015brednictwem tej strony internetowej oraz za tre\u015bci bezpo\u015brednio opracowane i zidentyfikowane przez UNIONE MOTION S.L.<\/p><h3 class=\"wp-block-heading\">Za co UNIONE MOTION S.L. nie ponosi odpowiedzialno\u015bci?<\/h3><p>UNIONE MOTION S.L. nie gwarantuje ci\u0105g\u0142ego dzia\u0142ania, poprawnego wy\u015bwietlania, pobierania lub przydatno\u015bci informacji zawartych na tej stronie internetowej, kt\u00f3re mog\u0105 by\u0107 utrudnione lub przerwane przez czynniki pozostaj\u0105ce poza nasz\u0105 kontrol\u0105.<\/p><h3 class=\"wp-block-heading\">Polityka link\u00f3w<\/h3><p>Ta strona mo\u017ce zawiera\u0107 linki do innych stron internetowych lub cytowa\u0107 nazwy handlowe stron trzecich, kt\u00f3re wcze\u015bniej udzieli\u0142y na to zgody UNIONE MOTION S.L.<\/p><p>Je\u015bli zdecydujesz si\u0119 odwiedzi\u0107 jak\u0105kolwiek stron\u0119 zewn\u0119trzn\u0105, przyjmujesz do wiadomo\u015bci, \u017ce robisz to na w\u0142asn\u0105 odpowiedzialno\u015b\u0107.<\/p><h3 class=\"wp-block-heading\">Prywatno\u015b\u0107, Ochrona Danych Osobowych i Pliki Cookies<\/h3><p>UNIONE MOTION S.L. zapewnia pe\u0142n\u0105 zgodno\u015b\u0107 ze swoimi zobowi\u0105zaniami jako administrator danych, a tak\u017ce z wszelkimi innymi obowi\u0105zkami wynikaj\u0105cymi z obowi\u0105zuj\u0105cych przepis\u00f3w krajowych i europejskich dotycz\u0105cych ochrony danych osobowych.<\/p><h3 class=\"wp-block-heading\">Zastrze\u017cenie prawa do modyfikacji Warunk\u00f3w Korzystania<\/h3><p>UNIONE MOTION S.L. mo\u017ce w ka\u017cdej chwili zmieni\u0107 niniejsze Warunki, odpowiadaj\u0105c na ewolucj\u0119 tej strony i jej tre\u015bci.<\/p><h3 class=\"wp-block-heading\">Obowi\u0105zuj\u0105ce prawo i jurysdykcja<\/h3><p>UNIONE MOTION S.L. ma swoj\u0105 siedzib\u0119 w Hiszpanii, dlatego niniejsze warunki prawne zosta\u0142y sporz\u0105dzone zgodnie z prawem hiszpa\u0144skim i przepisami Unii Europejskiej.<\/p><p><strong>Informacja prawna i Warunki Korzystania ostatnio zaktualizowane: 25\/12\/2022.<\/strong><\/p><\/div>\t\t\t\t\t\t\t\t<\/div>\n\t\t\t\t\t<\/div>\n\t\t\t\t<\/div>\n\t\t\t\t<\/div>\n\t\t","protected":false},"excerpt":{"rendered":"<p>Wynajem samochod\u00f3w na lotnisku w Alicante | Polityka prywatno\u015bci Informacja prawna i polityka prywatno\u015bci Wa\u017cne jest, aby uwa\u017cnie przeczyta\u0107 poni\u017csze informacje. Je\u015bli masz jakiekolwiek pytania dotycz\u0105ce konkretnego aspektu, zapraszamy do kontaktu z nami. To\u017csamo\u015b\u0107 i w\u0142a\u015bcicielstwo strony internetowej Podmiotem odpowiedzialnym za t\u0119 stron\u0119 internetow\u0105 jest UNIONE MOTION S.L. W przypadku jakichkolwiek pyta\u0144 dotycz\u0105cych niniejszej Informacji [&hellip;]<\/p>\n","protected":false},"author":1,"featured_media":0,"parent":0,"menu_order":0,"comment_status":"closed","ping_status":"closed","template":"","meta":{"footnotes":""},"class_list":["post-1275","page","type-page","status-publish","hentry"],"_links":{"self":[{"href":"https:\/\/moovers.tunueva.website\/pl\/wp-json\/wp\/v2\/pages\/1275","targetHints":{"allow":["GET"]}}],"collection":[{"href":"https:\/\/moovers.tunueva.website\/pl\/wp-json\/wp\/v2\/pages"}],"about":[{"href":"https:\/\/moovers.tunueva.website\/pl\/wp-json\/wp\/v2\/types\/page"}],"author":[{"embeddable":true,"href":"https:\/\/moovers.tunueva.website\/pl\/wp-json\/wp\/v2\/users\/1"}],"replies":[{"embeddable":true,"href":"https:\/\/moovers.tunueva.website\/pl\/wp-json\/wp\/v2\/comments?post=1275"}],"version-history":[{"count":0,"href":"https:\/\/moovers.tunueva.website\/pl\/wp-json\/wp\/v2\/pages\/1275\/revisions"}],"wp:attachment":[{"href":"https:\/\/moovers.tunueva.website\/pl\/wp-json\/wp\/v2\/media?parent=1275"}],"curies":[{"name":"wp","href":"https:\/\/api.w.org\/{rel}","templated":true}]}}