{"id":1326,"date":"2025-01-31T13:46:10","date_gmt":"2025-01-31T12:46:10","guid":{"rendered":"https:\/\/moovers.tunueva.website\/politica-de-cookies\/"},"modified":"2025-03-19T10:04:45","modified_gmt":"2025-03-19T09:04:45","slug":"retningslinjer-for-informasjonskapsler","status":"publish","type":"page","link":"https:\/\/moovers.tunueva.website\/no\/retningslinjer-for-informasjonskapsler\/","title":{"rendered":"Retningslinjer for informasjonskapsler"},"content":{"rendered":"\t\t<div data-elementor-type=\"wp-page\" data-elementor-id=\"1326\" class=\"elementor elementor-1326 elementor-513\" data-elementor-post-type=\"page\">\n\t\t\t\t<div class=\"elementor-element elementor-element-e2b5dbc e-flex e-con-boxed e-con e-parent\" data-id=\"e2b5dbc\" data-element_type=\"container\" data-e-type=\"container\">\n\t\t\t\t\t<div class=\"e-con-inner\">\n\t\t\t\t<div class=\"elementor-element elementor-element-70f67b0 elementor-widget elementor-widget-text-editor\" data-id=\"70f67b0\" data-element_type=\"widget\" data-e-type=\"widget\" data-widget_type=\"text-editor.default\">\n\t\t\t\t\t\t\t\t\t<h1 class=\"wp-block-post-title\">Retningslinjer for informasjonskapsler (EU)<\/h1><div id=\"cmplz-document\" class=\"cmplz-document cookie-statement cmplz-document-eu\"><p><i>Disse retningslinjene for informasjonskapsler ble sist oppdatert 24.05.2024 og gjelder for borgere og fastboende i Det europeiske \u00f8konomiske samarbeidsomr\u00e5det (E\u00d8S) og Sveits.<\/i><\/p><h2>1. Introduksjon<\/h2><p>V\u00e5rt nettsted, <a href=\"https:\/\/moovers.tunueva.website\/\">https:\/\/moovers.tunueva.website<\/a> (heretter referert til som \u00abnettstedet\u00bb), bruker informasjonskapsler og andre relaterte teknologier (for enkelhets skyld refereres alle teknologier til som \u00abinformasjonskapsler\u00bb). Informasjonskapsler plasseres ogs\u00e5 av tredjeparter vi har inng\u00e5tt avtaler med. I dette dokumentet informerer vi deg om bruken av informasjonskapsler p\u00e5 v\u00e5rt nettsted.<\/p><h2>2. Hva er informasjonskapsler?<\/h2><p>En informasjonskapsel er en liten fil som sendes sammen med sidene p\u00e5 dette nettstedet og lagres av nettleseren din p\u00e5 harddisken til datamaskinen din eller en annen enhet. Den lagrede informasjonen kan bli returnert til v\u00e5re servere eller de relevante tredjepartsserverne ved et senere bes\u00f8k.<\/p><h2>3. Hva er skript?<\/h2><p>Et skript er en liten programkode som brukes for \u00e5 f\u00e5 nettstedet v\u00e5rt til \u00e5 fungere riktig og interaktivt. Denne koden kj\u00f8res enten p\u00e5 v\u00e5r server eller p\u00e5 din enhet.<\/p><h2>4. Hva er et web-beacon?<\/h2><p>Et web-beacon (eller en piksel-tag) er en liten, usynlig tekst eller bilde p\u00e5 en nettside som brukes til \u00e5 overv\u00e5ke trafikken p\u00e5 nettstedet. For dette form\u00e5let lagres ulike data om deg via disse web-beaconene.<\/p><h2>5. Informasjonskapsler<\/h2><p class=\"cmplz-subtitle\"><strong>5.1 Tekniske eller funksjonelle informasjonskapsler<\/strong><\/p><p>Noen informasjonskapsler sikrer at visse deler av nettstedet fungerer korrekt og at brukerpreferansene dine blir husket. Ved \u00e5 plassere funksjonelle informasjonskapsler gj\u00f8r vi det enklere for deg \u00e5 bes\u00f8ke nettstedet v\u00e5rt. Dette betyr for eksempel at du ikke trenger \u00e5 oppgi den samme informasjonen gjentatte ganger n\u00e5r du bes\u00f8ker nettstedet, og at varer forblir i handlekurven din til du har fullf\u00f8rt betalingen. Vi kan plassere disse informasjonskapslene uten ditt samtykke.<\/p><p class=\"cmplz-subtitle\"><strong>5.2 Statistikkinformasjonskapsler<\/strong><\/p><p>Vi bruker statistikkinformasjonskapsler for \u00e5 optimalisere brukeropplevelsen p\u00e5 nettstedet v\u00e5rt. Med disse informasjonskapslene f\u00e5r vi innsikt i bruken av nettstedet v\u00e5rt. Vi ber om ditt samtykke f\u00f8r vi plasserer statistikkinformasjonskapsler.<\/p><p class=\"cmplz-subtitle\"><strong>5.3 Markedsf\u00f8rings-\/sporingsinformasjonskapsler<\/strong><\/p><p>Markedsf\u00f8rings-\/sporingsinformasjonskapsler er informasjonskapsler eller andre former for lokal lagring som brukes for \u00e5 opprette brukerprofiler for \u00e5 vise annonsering eller for \u00e5 spore brukeren p\u00e5 dette nettstedet eller p\u00e5 flere nettsteder for lignende markedsf\u00f8ringsform\u00e5l.<\/p><p class=\"cmplz-subtitle\"><strong>5.4 Sosiale medier<\/strong><\/p><p>P\u00e5 nettstedet v\u00e5rt har vi inkludert innhold fra Facebook, LinkedIn, Instagram og TikTok for \u00e5 promotere nettsider (f.eks. \u00abLiker\u00bb, \u00abPinn\u00bb) eller for \u00e5 dele innhold (f.eks. \u00abTweet\u00bb) p\u00e5 sosiale medier som Facebook, LinkedIn, Instagram og TikTok. Dette innholdet er innebygd med kode hentet fra Facebook, LinkedIn, Instagram og TikTok og lagrer informasjonskapsler. Dette innholdet kan behandle viss informasjon for personlig tilpasset annonsering.<\/p><p>Vennligst les personvernreglene til disse sosiale mediene (som kan endres regelmessig) for \u00e5 finne ut hva de gj\u00f8r med dine (personlige) data som de behandler via disse informasjonskapslene. Dataene de mottar er anonymisert s\u00e5 langt det er mulig. Facebook, LinkedIn, Instagram og TikTok er lokalisert i USA.<\/p><h2>6. Brukte informasjonskapsler<\/h2><table><tbody><tr><th colspan=\"3\">Markedsf\u00f8ring\/Sporing<\/th><\/tr><tr><th>Navn<\/th><th>Utl\u00f8p<\/th><th>Funksjon<\/th><\/tr><tr><td>_fbc<\/td><td>2 \u00e5r<\/td><td>Lagre siste bes\u00f8k<\/td><\/tr><tr><td>fbm*<\/td><td>1 \u00e5r<\/td><td>Lagre kontodetaljer<\/td><\/tr><tr><td>xs<\/td><td>3 m\u00e5neder<\/td><td>Lagre en unik \u00f8kt-ID<\/td><\/tr><tr><td>fr<\/td><td>3 m\u00e5neder<\/td><td>Aktivere annonsevisning eller retargeting<\/td><\/tr><\/tbody><\/table><h2>7. Samtykke<\/h2><p>N\u00e5r du bes\u00f8ker nettstedet v\u00e5rt for f\u00f8rste gang, vil vi vise en popup med en forklaring om informasjonskapsler. S\u00e5 snart du klikker p\u00e5 \u00abLagre preferanser\u00bb, godtar du at vi bruker de valgte kategoriene informasjonskapsler og tillegg som beskrevet i disse retningslinjene for informasjonskapsler. Du kan deaktivere bruken av informasjonskapsler via nettleseren din, men v\u00e6r oppmerksom p\u00e5 at nettstedet v\u00e5rt kanskje ikke fungerer som det skal.<\/p><h2>8. Aktivere\/deaktivere og slette informasjonskapsler<\/h2><p>Du kan bruke din nettleser for \u00e5 slette informasjonskapsler automatisk eller manuelt. Du kan ogs\u00e5 angi at visse informasjonskapsler ikke kan plasseres. En annen mulighet er \u00e5 endre innstillingene i nettleseren din slik at du mottar en melding hver gang en informasjonskapsel plasseres. For mer informasjon om disse alternativene, se hjelpefunksjonen i nettleseren din.<\/p><p>V\u00e6r oppmerksom p\u00e5 at nettstedet v\u00e5rt kanskje ikke fungerer som det skal hvis alle informasjonskapsler er deaktivert. Hvis du sletter informasjonskapsler i nettleseren din, vil de bli plassert igjen etter ditt samtykke n\u00e5r du bes\u00f8ker nettstedet v\u00e5rt p\u00e5 nytt.<\/p><h2>9. Dine rettigheter ang\u00e5ende personopplysninger<\/h2><p>Du har f\u00f8lgende rettigheter ang\u00e5ende dine personopplysninger:<\/p><ul><li>Du har rett til \u00e5 vite hvorfor dine personopplysninger er n\u00f8dvendige, hva som vil skje med dem, og hvor lenge de vil bli lagret.<\/li><li>Rett til innsyn: Du har rett til \u00e5 f\u00e5 tilgang til dine personopplysninger.<\/li><li>Rett til retting: Du har rett til \u00e5 f\u00e5 korrigert, slettet eller blokkert dine personopplysninger.<\/li><li>Rett til \u00e5 trekke tilbake samtykke: Hvis du har gitt oss samtykke til \u00e5 behandle dine data, har du rett til \u00e5 trekke tilbake dette samtykket.<\/li><li>Rett til dataportabilitet: Du har rett til \u00e5 be om alle dine personopplysninger fra behandlingsansvarlig og overf\u00f8re dem til en annen behandlingsansvarlig.<\/li><li>Rett til \u00e5 protestere: Du kan protestere mot behandlingen av dine data.<\/li><\/ul><h2>10. Kontaktinformasjon<\/h2><p>For sp\u00f8rsm\u00e5l og\/eller kommentarer om v\u00e5re retningslinjer for informasjonskapsler, vennligst kontakt oss:<\/p><p>UNIONE MOTION S.L<br \/>Talavera de la Reina, 45600, Toledo, ES<br \/>Spania<br \/>Nettside: <a href=\"https:\/\/moovers.tunueva.website\/\">https:\/\/moovers.tunueva.website<\/a><br \/>E-post: info@moovers.mobi<br \/>Telefon: +34 648 978 019<\/p><\/div>\t\t\t\t\t\t\t\t<\/div>\n\t\t\t\t\t<\/div>\n\t\t\t\t<\/div>\n\t\t\t\t<\/div>\n\t\t","protected":false},"excerpt":{"rendered":"<p>Retningslinjer for informasjonskapsler (EU) Disse retningslinjene for informasjonskapsler ble sist oppdatert 24.05.2024 og gjelder for borgere og fastboende i Det europeiske \u00f8konomiske samarbeidsomr\u00e5det (E\u00d8S) og Sveits. 1. Introduksjon V\u00e5rt nettsted, https:\/\/moovers.tunueva.website (heretter referert til som \u00abnettstedet\u00bb), bruker informasjonskapsler og andre relaterte teknologier (for enkelhets skyld refereres alle teknologier til som \u00abinformasjonskapsler\u00bb). Informasjonskapsler plasseres ogs\u00e5 av [&hellip;]<\/p>\n","protected":false},"author":1,"featured_media":0,"parent":0,"menu_order":0,"comment_status":"closed","ping_status":"closed","template":"","meta":{"footnotes":""},"class_list":["post-1326","page","type-page","status-publish","hentry"],"_links":{"self":[{"href":"https:\/\/moovers.tunueva.website\/no\/wp-json\/wp\/v2\/pages\/1326","targetHints":{"allow":["GET"]}}],"collection":[{"href":"https:\/\/moovers.tunueva.website\/no\/wp-json\/wp\/v2\/pages"}],"about":[{"href":"https:\/\/moovers.tunueva.website\/no\/wp-json\/wp\/v2\/types\/page"}],"author":[{"embeddable":true,"href":"https:\/\/moovers.tunueva.website\/no\/wp-json\/wp\/v2\/users\/1"}],"replies":[{"embeddable":true,"href":"https:\/\/moovers.tunueva.website\/no\/wp-json\/wp\/v2\/comments?post=1326"}],"version-history":[{"count":0,"href":"https:\/\/moovers.tunueva.website\/no\/wp-json\/wp\/v2\/pages\/1326\/revisions"}],"wp:attachment":[{"href":"https:\/\/moovers.tunueva.website\/no\/wp-json\/wp\/v2\/media?parent=1326"}],"curies":[{"name":"wp","href":"https:\/\/api.w.org\/{rel}","templated":true}]}}