{"id":1274,"date":"2025-01-31T13:45:56","date_gmt":"2025-01-31T12:45:56","guid":{"rendered":"https:\/\/moovers.tunueva.website\/politica-de-privacidad\/"},"modified":"2025-03-19T09:17:31","modified_gmt":"2025-03-19T08:17:31","slug":"personvernreglene","status":"publish","type":"page","link":"https:\/\/moovers.tunueva.website\/no\/personvernreglene\/","title":{"rendered":"Personvernreglene"},"content":{"rendered":"\t\t<div data-elementor-type=\"wp-page\" data-elementor-id=\"1274\" class=\"elementor elementor-1274 elementor-511\" data-elementor-post-type=\"page\">\n\t\t\t\t<div class=\"elementor-element elementor-element-03a77d8 e-flex e-con-boxed e-con e-parent\" data-id=\"03a77d8\" data-element_type=\"container\" data-e-type=\"container\">\n\t\t\t\t\t<div class=\"e-con-inner\">\n\t\t\t\t<div class=\"elementor-element elementor-element-d04fe1f elementor-widget elementor-widget-text-editor\" data-id=\"d04fe1f\" data-element_type=\"widget\" data-e-type=\"widget\" data-widget_type=\"text-editor.default\">\n\t\t\t\t\t\t\t\t\t<header><h1>Bilutleie p\u00e5 Alicante flyplass | Personvernpolicy<\/h1><\/header><div><h1 class=\"wp-block-heading\">Juridisk merknad og personvernpolicy<\/h1><p><strong>Det er viktig at du leser f\u00f8lgende n\u00f8ye, og hvis du har sp\u00f8rsm\u00e5l om et spesifikt aspekt, inviterer vi deg til \u00e5 kontakte oss.<\/strong><\/p><p><strong>Identitet og eierskap til nettstedet<\/strong><\/p><p>Enheten som er ansvarlig for dette nettstedet er UNIONE MOTION S.L.<\/p><p>For eventuelle sp\u00f8rsm\u00e5l om denne juridiske merknaden og de p\u00e5f\u00f8lgende bruksvilk\u00e5rene kan du kontakte oss via:<\/p><ul class=\"wp-block-list\"><li>E-post: rgpd@unione.es<\/li><li>Postadresse: Calle Doctor Fleming, 399, 45600, Talavera de la Reina (Toledo)<\/li><li>Telefon: (34) 688 70 33 20.<\/li><\/ul><h2 class=\"wp-block-heading\">BRUKSVILK\u00c5R<\/h2><h3 class=\"wp-block-heading\">Dette er en avtale<\/h3><p>Tilgang, bruk, navigering og deltakelse i tjenestene og aktivitetene p\u00e5 dette nettstedet gir deg status som Bruker fra starten. Hvis du fortsetter \u00e5 navigere, anses det som en uttrykkelig, frivillig og ubetinget aksept av Bruksvilk\u00e5rene for dette nettstedet. Hvis du velger \u00e5 ikke akseptere disse vilk\u00e5rene, m\u00e5 du avst\u00e5 fra \u00e5 f\u00e5 tilgang til og\/eller bruke innholdet og tjenestene vi tilbyr p\u00e5 dette nettstedet.<\/p><p>Aksept av Bruksvilk\u00e5rene inneb\u00e6rer at du som Bruker:<\/p><ul class=\"wp-block-list\"><li>Erkl\u00e6rer at du har lest, forst\u00e5tt og fullt ut forst\u00e5r innholdet i vilk\u00e5rene.<\/li><li>Erkl\u00e6rer at all informasjon du gir oss ved bruk av noen av v\u00e5re tjenester er sannferdig og n\u00f8yaktig, uten begrensninger, forbehold eller usannheter.<\/li><li>For \u00e5 kunne bruke visse tjenester som tilbys gjennom dette nettstedet, aksepterer du eksplisitt f\u00f8lgende <strong>Bruksvilk\u00e5r<\/strong>, <strong>Personvernpolicy<\/strong> og <strong>Cookies-policy<\/strong> i forhold til form\u00e5let med databehandlingen som er informert om f\u00f8r du sender inn din personlige informasjon.<\/li><\/ul><p>Bruk og tilgang til dette nettstedet er gratis, med forbehold om kostnaden for tilkobling og data via det relevante telekommunikasjonsnettet som gir deg tilgang som Bruker.<\/p><p>Som Bruker gir du UNIONE MOTION S.L. rett til \u00e5 autorisere tredjeparter til \u00e5 ut\u00f8ve rettighetene som er gitt til UNIONE MOTION S.L. under disse Bruksvilk\u00e5rene.<\/p><h3 class=\"wp-block-heading\">Intellektuell og industriell eiendom<\/h3><h3 class=\"wp-block-heading\">Hvem eier innholdet p\u00e5 dette nettstedet?<\/h3><p>Dette nettstedet og informasjonen eller elementene som finnes p\u00e5 det (inkludert, men ikke begrenset til, programmering, redigering, kompilering og andre n\u00f8dvendige elementer for dets funksjon, alle design, tekster, grafikk, ikoner, knapper, dokumenter, informasjon, lyd- og\/eller bildefiler, design, kildekode, blant annet), samt logoer, varemerker, handelsnavn eller andre kjennetegn som kan brukes industrielt og kommersielt (heretter kalt &laquo;Nettstedets innhold&raquo;) er beskyttet av intellektuelle og industrielle eiendomsrettigheter, hvor UNIONE MOTION S.L. enten er eier eller innehar lisens eller uttrykkelig autorisasjon for bruk og offentlig kommunikasjon fra de legitime tredjepartsinnehaverne for inkludering p\u00e5 dette nettstedet.<\/p><h3 class=\"wp-block-heading\">Hvilke begrensninger og autorisasjoner gjelder for bruk av innholdet p\u00e5 dette nettstedet?<\/h3><p>Som Bruker forplikter du deg til \u00e5 bruke innholdet og verkt\u00f8yene som er tilgjengelige p\u00e5 dette nettstedet p\u00e5 en passende m\u00e5te, i samsvar med loven og disse Bruksvilk\u00e5rene. Av denne grunn godtar du uttrykkelig \u00e5 holde UNIONE MOTION S.L. skadesl\u00f8s fra ethvert ansvar overfor enhver person som kan oppst\u00e5 som f\u00f8lge av bruk av Nettstedets innhold p\u00e5 en m\u00e5te som ikke samsvarer med disse Bruksvilk\u00e5rene eller gjeldende lov.<\/p><p>Under ingen omstendigheter skal bruken av dette nettstedet tolkes som \u00e5 gi Brukeren noen autorisasjon eller lisens, eller at det inneb\u00e6rer en fraskrivelse, overf\u00f8ring, total eller delvis overdragelse av intellektuelle, industrielle eller bildebaserte rettigheter, eller at det gir noen rettigheter eller forventninger om rettigheter uten forutg\u00e5ende, eksplisitt og skriftlig samtykke fra UNIONE MOTION S.L. eller de legitime eierne av slike rettigheter.<\/p><p>Spesifikt er du som Bruker ikke autorisert til \u00e5 modifisere, endre, kopiere, gjenbruke, tolke p\u00e5 nytt, utnytte, reprodusere, offentlig kommunisere, gj\u00f8re andre publikasjoner, laste opp filer, sende via e-post, overf\u00f8re, bruke, behandle eller distribuere hele eller deler av innholdet eller utf\u00f8re noen handling med kommersielle form\u00e5l ang\u00e5ende innholdet p\u00e5 dette nettstedet uten forutg\u00e5ende uttrykkelig autorisasjon fra UNIONE MOTION S.L. eller de respektive eierne.<\/p><p>Enhver uautorisert bruk fra UNIONE MOTION S.L. vil bli ansett som en alvorlig overtredelse av intellektuelle eller industrielle eiendomsrettigheter som kan f\u00f8re til juridiske handlinger.<\/p><p>Hvis Brukeren helt eller delvis bryter disse Bruksvilk\u00e5rene, forbeholder UNIONE MOTION S.L. seg retten til \u00e5 nekte tilgang til dette nettstedet uten forvarsel.<\/p><p>UNIONE MOTION S.L. gir deg tillatelse til \u00e5 se, laste ned og skrive ut Nettstedets innhold under f\u00f8lgende betingelser:<\/p><ul class=\"wp-block-list\"><li>Det m\u00e5 kun gj\u00f8res for personlig bruk, og nettstedets innhold m\u00e5 ikke inkluderes i kommersiell bruk uten skriftlig forh\u00e5ndsgodkjenning fra UNIONE MOTION S.L.<\/li><li>Du m\u00e5 ikke bruke dette nettstedet til \u00e5 sende u\u00f8nsket eller uttrykkelig uautorisert reklame.<\/li><li>Du m\u00e5 ikke bruke innholdet p\u00e5 dette nettstedet til ulovlige, ulovlige eller uhederlige handlinger.<\/li><li>Du m\u00e5 ikke fjerne eller endre noen merknad om opphavsrett, varemerker eller annen bestemmelse om intellektuell eiendom inkludert i nettstedets innhold.<\/li><li>Du m\u00e5 ikke introdusere eller spre skadelig programvare (virus eller malware) p\u00e5 nettet som kan skade tilgangsleverand\u00f8rens datasystemer, dets leverand\u00f8rer eller andre brukere av Internett.<\/li><\/ul><h2 class=\"wp-block-heading\">Ansvarsfraskrivelser<\/h2><p>UNIONE MOTION S.L. p\u00e5tar seg kun ansvar overfor Brukeren for tjenester den tilbyr direkte via dette nettstedet og for innhold som er direkte produsert og identifisert av UNIONE MOTION S.L.<\/p><p>UNIONE MOTION S.L. garanterer ikke kontinuerlig drift, riktig visning, nedlasting eller nytte av informasjonen p\u00e5 dette nettstedet, som kan bli hindret, forstyrret eller avbrutt av faktorer utenfor v\u00e5r kontroll.<\/p><h3 class=\"wp-block-heading\">Gjeldende lovgivning og jurisdiksjon<\/h3><p>UNIONE MOTION S.L. har sitt hovedkontor i Spania, og disse juridiske vilk\u00e5rene er utarbeidet i henhold til spansk lovgivning og gjeldende EU-forskrifter. Eventuelle tvister, krav eller klager som oppst\u00e5r fra eller er relatert til bruken av dette nettstedet, skal v\u00e6re underlagt nevnte lovgivning.<\/p><p><strong>Juridisk merknad og Bruksvilk\u00e5r sist oppdatert 25.12.2022.<\/strong><\/p><\/div>\t\t\t\t\t\t\t\t<\/div>\n\t\t\t\t\t<\/div>\n\t\t\t\t<\/div>\n\t\t\t\t<\/div>\n\t\t","protected":false},"excerpt":{"rendered":"<p>Bilutleie p\u00e5 Alicante flyplass | Personvernpolicy Juridisk merknad og personvernpolicy Det er viktig at du leser f\u00f8lgende n\u00f8ye, og hvis du har sp\u00f8rsm\u00e5l om et spesifikt aspekt, inviterer vi deg til \u00e5 kontakte oss. Identitet og eierskap til nettstedet Enheten som er ansvarlig for dette nettstedet er UNIONE MOTION S.L. For eventuelle sp\u00f8rsm\u00e5l om denne [&hellip;]<\/p>\n","protected":false},"author":1,"featured_media":0,"parent":0,"menu_order":0,"comment_status":"closed","ping_status":"closed","template":"","meta":{"footnotes":""},"class_list":["post-1274","page","type-page","status-publish","hentry"],"_links":{"self":[{"href":"https:\/\/moovers.tunueva.website\/no\/wp-json\/wp\/v2\/pages\/1274","targetHints":{"allow":["GET"]}}],"collection":[{"href":"https:\/\/moovers.tunueva.website\/no\/wp-json\/wp\/v2\/pages"}],"about":[{"href":"https:\/\/moovers.tunueva.website\/no\/wp-json\/wp\/v2\/types\/page"}],"author":[{"embeddable":true,"href":"https:\/\/moovers.tunueva.website\/no\/wp-json\/wp\/v2\/users\/1"}],"replies":[{"embeddable":true,"href":"https:\/\/moovers.tunueva.website\/no\/wp-json\/wp\/v2\/comments?post=1274"}],"version-history":[{"count":0,"href":"https:\/\/moovers.tunueva.website\/no\/wp-json\/wp\/v2\/pages\/1274\/revisions"}],"wp:attachment":[{"href":"https:\/\/moovers.tunueva.website\/no\/wp-json\/wp\/v2\/media?parent=1274"}],"curies":[{"name":"wp","href":"https:\/\/api.w.org\/{rel}","templated":true}]}}