{"id":1325,"date":"2025-01-31T13:46:10","date_gmt":"2025-01-31T12:46:10","guid":{"rendered":"https:\/\/moovers.tunueva.website\/politica-de-cookies\/"},"modified":"2025-03-19T10:00:22","modified_gmt":"2025-03-19T09:00:22","slug":"politique-de-cookies","status":"publish","type":"page","link":"https:\/\/moovers.tunueva.website\/fr\/politique-de-cookies\/","title":{"rendered":"Politique de cookies"},"content":{"rendered":"\t\t<div data-elementor-type=\"wp-page\" data-elementor-id=\"1325\" class=\"elementor elementor-1325 elementor-513\" data-elementor-post-type=\"page\">\n\t\t\t\t<div class=\"elementor-element elementor-element-e2b5dbc e-flex e-con-boxed e-con e-parent\" data-id=\"e2b5dbc\" data-element_type=\"container\" data-e-type=\"container\">\n\t\t\t\t\t<div class=\"e-con-inner\">\n\t\t\t\t<div class=\"elementor-element elementor-element-70f67b0 elementor-widget elementor-widget-text-editor\" data-id=\"70f67b0\" data-element_type=\"widget\" data-e-type=\"widget\" data-widget_type=\"text-editor.default\">\n\t\t\t\t\t\t\t\t\t<h1 class=\"wp-block-post-title\">Politique de Cookies (UE)<\/h1><div id=\"cmplz-document\" class=\"cmplz-document cookie-statement cmplz-document-eu\"><p><i>Cette politique de cookies a \u00e9t\u00e9 mise \u00e0 jour pour la derni\u00e8re fois le 24\/05\/2024 et s&rsquo;applique aux citoyens et r\u00e9sidents permanents l\u00e9gaux de l&rsquo;Espace \u00c9conomique Europ\u00e9en et de la Suisse.<\/i><\/p><h2>1. Introduction<\/h2><p>Notre site web, <a href=\"https:\/\/moovers.tunueva.website\/\">https:\/\/moovers.tunueva.website<\/a> (ci-apr\u00e8s : \u00ab le site \u00bb) utilise des cookies et d&rsquo;autres technologies connexes (par souci de simplicit\u00e9, toutes ces technologies sont d\u00e9sign\u00e9es par le terme \u00ab cookies \u00bb). Les cookies sont \u00e9galement plac\u00e9s par des tiers avec lesquels nous avons conclu des accords. Dans le document suivant, nous vous informons de l&rsquo;utilisation des cookies sur notre site web.<\/p><h2>2. Que sont les cookies ?<\/h2><p>Un cookie est un petit fichier envoy\u00e9 avec les pages de ce site web et stock\u00e9 par votre navigateur sur le disque dur de votre ordinateur ou autre appareil. Les informations stock\u00e9es peuvent \u00eatre renvoy\u00e9es \u00e0 nos serveurs ou \u00e0 ceux des tiers concern\u00e9s lors d&rsquo;une visite ult\u00e9rieure.<\/p><h2>3. Que sont les scripts ?<\/h2><p>Un script est un morceau de code utilis\u00e9 pour assurer le bon fonctionnement et l&rsquo;interactivit\u00e9 de notre site web. Ce code est ex\u00e9cut\u00e9 sur notre serveur ou sur votre appareil.<\/p><h2>4. Qu&rsquo;est-ce qu&rsquo;une balise web ?<\/h2><p>Une balise web (ou pixel espion) est un petit \u00e9l\u00e9ment de texte ou d&rsquo;image invisible sur une page web, utilis\u00e9 pour surveiller le trafic sur le site. Diff\u00e9rentes donn\u00e9es vous concernant sont ainsi stock\u00e9es via ces balises web.<\/p><h2>5. Cookies<\/h2><p class=\"cmplz-subtitle\"><strong>5.1 Cookies techniques ou fonctionnels<\/strong><\/p><p>Certains cookies garantissent le bon fonctionnement de certaines parties du site et permettent de m\u00e9moriser vos pr\u00e9f\u00e9rences utilisateur. En pla\u00e7ant des cookies fonctionnels, nous vous facilitons la navigation sur notre site. Ainsi, vous n&rsquo;avez pas besoin de saisir plusieurs fois les m\u00eames informations lorsque vous visitez notre site, et par exemple, les articles restent dans votre panier jusqu&rsquo;\u00e0 ce que vous ayez effectu\u00e9 votre paiement. Nous pouvons placer ces cookies sans votre consentement.<\/p><p class=\"cmplz-subtitle\"><strong>5.2 Cookies de statistiques<\/strong><\/p><p>Nous utilisons des cookies statistiques pour optimiser l&rsquo;exp\u00e9rience utilisateur sur notre site. Ces cookies nous permettent d&rsquo;obtenir des informations sur l&rsquo;utilisation de notre site web. Nous vous demandons votre consentement pour placer ces cookies statistiques.<\/p><p class=\"cmplz-subtitle\"><strong>5.3 Cookies de marketing\/suivi<\/strong><\/p><p>Les cookies de marketing\/suivi sont des cookies, ou toute autre forme de stockage local, utilis\u00e9s pour cr\u00e9er des profils d&rsquo;utilisateur afin d&rsquo;afficher de la publicit\u00e9 ou pour suivre l&rsquo;utilisateur sur ce site web ou sur plusieurs sites dans un but de marketing similaire.<\/p><p class=\"cmplz-subtitle\"><strong>5.4 R\u00e9seaux sociaux<\/strong><\/p><p>Sur notre site web, nous avons int\u00e9gr\u00e9 du contenu provenant de Facebook, LinkedIn, Instagram et TikTok afin de promouvoir des pages web (ex. : \u00ab J&rsquo;aime \u00bb, \u00ab \u00c9pingler \u00bb) ou de partager (ex. : \u00ab Tweeter \u00bb) sur les r\u00e9seaux sociaux comme Facebook, LinkedIn, Instagram et TikTok. Ce contenu est int\u00e9gr\u00e9 avec du code d\u00e9riv\u00e9 de Facebook, LinkedIn, Instagram et TikTok et stocke des cookies. Ce contenu peut traiter certaines informations pour des annonces personnalis\u00e9es.<\/p><p>Veuillez lire la politique de confidentialit\u00e9 de ces r\u00e9seaux sociaux (qui peut \u00eatre modifi\u00e9e fr\u00e9quemment) pour savoir ce qu&rsquo;ils font des donn\u00e9es (personnelles) qu&rsquo;ils traitent via ces cookies. Les donn\u00e9es re\u00e7ues sont anonymis\u00e9es autant que possible. Facebook, LinkedIn, Instagram et TikTok sont situ\u00e9s aux \u00c9tats-Unis.<\/p><h2>6. Cookies utilis\u00e9s<\/h2><table><tbody><tr><th colspan=\"3\">Marketing\/Suivi<\/th><\/tr><tr><th>Nom<\/th><th>Expiration<\/th><th>Fonction<\/th><\/tr><tr><td>_fbc<\/td><td>2 ans<\/td><td>Stocker la derni\u00e8re visite<\/td><\/tr><tr><td>fbm*<\/td><td>1 an<\/td><td>Stocker les d\u00e9tails du compte<\/td><\/tr><tr><td>xs<\/td><td>3 mois<\/td><td>Stocker un identifiant de session unique<\/td><\/tr><tr><td>fr<\/td><td>3 mois<\/td><td>Permettre l&rsquo;affichage de publicit\u00e9s ou le reciblage<\/td><\/tr><\/tbody><\/table><h2>7. Consentement<\/h2><p>Lorsque vous visitez notre site web pour la premi\u00e8re fois, une fen\u00eatre contextuelle contenant une explication sur les cookies vous sera affich\u00e9e. D\u00e8s que vous cliquez sur \u00ab Enregistrer les pr\u00e9f\u00e9rences \u00bb, vous acceptez que nous utilisions les cat\u00e9gories de cookies et plugins que vous avez s\u00e9lectionn\u00e9es dans la fen\u00eatre contextuelle, comme d\u00e9crit dans cette politique de cookies. Vous pouvez d\u00e9sactiver l&rsquo;utilisation des cookies via votre navigateur, mais veuillez noter que notre site web pourrait ne plus fonctionner correctement.<\/p><h2>8. Activation\/d\u00e9sactivation et suppression des cookies<\/h2><p>Vous pouvez utiliser votre navigateur Internet pour supprimer automatiquement ou manuellement les cookies. Vous pouvez \u00e9galement sp\u00e9cifier que certains cookies ne doivent pas \u00eatre plac\u00e9s. Une autre option consiste \u00e0 modifier les param\u00e8tres de votre navigateur Internet afin que vous receviez une notification chaque fois qu&rsquo;un cookie est plac\u00e9. Pour plus d&rsquo;informations sur ces options, consultez la section \u00ab Aide \u00bb de votre navigateur.<\/p><p>Veuillez noter que notre site web peut ne pas fonctionner correctement si tous les cookies sont d\u00e9sactiv\u00e9s. Si vous supprimez les cookies de votre navigateur, ils seront replac\u00e9s apr\u00e8s votre consentement lors d&rsquo;une prochaine visite sur nos sites web.<\/p><h2>9. Vos droits concernant les donn\u00e9es personnelles<\/h2><p>Vous avez les droits suivants concernant vos donn\u00e9es personnelles :<\/p><ul><li>Vous avez le droit de savoir pourquoi vos donn\u00e9es personnelles sont n\u00e9cessaires, ce qui en sera fait et combien de temps elles seront conserv\u00e9es.<\/li><li>Droit d&rsquo;acc\u00e8s : vous avez le droit d&rsquo;acc\u00e9der \u00e0 vos donn\u00e9es personnelles que nous connaissons.<\/li><li>Droit de rectification : vous avez le droit de compl\u00e9ter, corriger, supprimer ou bloquer vos donn\u00e9es personnelles \u00e0 tout moment.<\/li><li>Si vous nous donnez votre consentement pour traiter vos donn\u00e9es, vous avez le droit de r\u00e9voquer ce consentement et de demander la suppression de vos donn\u00e9es personnelles.<\/li><li>Droit de transfert de vos donn\u00e9es : vous avez le droit de demander toutes vos donn\u00e9es personnelles au responsable du traitement et de les transf\u00e9rer int\u00e9gralement \u00e0 un autre responsable du traitement.<\/li><li>Droit d&rsquo;opposition : vous pouvez vous opposer au traitement de vos donn\u00e9es. Nous nous y conformerons, sauf s&rsquo;il existe des motifs l\u00e9gitimes imp\u00e9rieux pour le traitement.<\/li><\/ul><h2>10. Coordonn\u00e9es<\/h2><p>Pour toute question et\/ou commentaire concernant notre politique de cookies et cette d\u00e9claration, veuillez nous contacter en utilisant les coordonn\u00e9es suivantes :<\/p><p><span class=\"cmplz-contact-organisation\">UNIONE MOTION S L<\/span><br \/><span class=\"cmplz-contact-address\">Talavera de la Reina, 45600, Toledo, ES<\/span><br \/><span class=\"cmplz-contact-country\">Espagne<\/span><br \/>Site web : <span class=\"cmplz-contact-domain\"><a href=\"https:\/\/moovers.tunueva.website\/\">https:\/\/moovers.tunueva.website<\/a><\/span><br \/>E-mail : <span class=\"cmplz-contact-email\">info@moovers.mobi<\/span><br \/><span class=\"cmplz-contact-telephone\">Num\u00e9ro de t\u00e9l\u00e9phone : +34 648 978 019<\/span><\/p><\/div>\t\t\t\t\t\t\t\t<\/div>\n\t\t\t\t\t<\/div>\n\t\t\t\t<\/div>\n\t\t\t\t<\/div>\n\t\t","protected":false},"excerpt":{"rendered":"<p>Politique de Cookies (UE) Cette politique de cookies a \u00e9t\u00e9 mise \u00e0 jour pour la derni\u00e8re fois le 24\/05\/2024 et s&rsquo;applique aux citoyens et r\u00e9sidents permanents l\u00e9gaux de l&rsquo;Espace \u00c9conomique Europ\u00e9en et de la Suisse. 1. Introduction Notre site web, https:\/\/moovers.tunueva.website (ci-apr\u00e8s : \u00ab le site \u00bb) utilise des cookies et d&rsquo;autres technologies connexes (par [&hellip;]<\/p>\n","protected":false},"author":1,"featured_media":0,"parent":0,"menu_order":0,"comment_status":"closed","ping_status":"closed","template":"","meta":{"footnotes":""},"class_list":["post-1325","page","type-page","status-publish","hentry"],"_links":{"self":[{"href":"https:\/\/moovers.tunueva.website\/fr\/wp-json\/wp\/v2\/pages\/1325","targetHints":{"allow":["GET"]}}],"collection":[{"href":"https:\/\/moovers.tunueva.website\/fr\/wp-json\/wp\/v2\/pages"}],"about":[{"href":"https:\/\/moovers.tunueva.website\/fr\/wp-json\/wp\/v2\/types\/page"}],"author":[{"embeddable":true,"href":"https:\/\/moovers.tunueva.website\/fr\/wp-json\/wp\/v2\/users\/1"}],"replies":[{"embeddable":true,"href":"https:\/\/moovers.tunueva.website\/fr\/wp-json\/wp\/v2\/comments?post=1325"}],"version-history":[{"count":0,"href":"https:\/\/moovers.tunueva.website\/fr\/wp-json\/wp\/v2\/pages\/1325\/revisions"}],"wp:attachment":[{"href":"https:\/\/moovers.tunueva.website\/fr\/wp-json\/wp\/v2\/media?parent=1325"}],"curies":[{"name":"wp","href":"https:\/\/api.w.org\/{rel}","templated":true}]}}