{"id":1273,"date":"2025-01-31T13:45:56","date_gmt":"2025-01-31T12:45:56","guid":{"rendered":"https:\/\/moovers.tunueva.website\/politica-de-privacidad\/"},"modified":"2025-03-19T09:15:38","modified_gmt":"2025-03-19T08:15:38","slug":"politique-de-confidentialite","status":"publish","type":"page","link":"https:\/\/moovers.tunueva.website\/fr\/politique-de-confidentialite\/","title":{"rendered":"Politique de confidentialit\u00e9"},"content":{"rendered":"\t\t<div data-elementor-type=\"wp-page\" data-elementor-id=\"1273\" class=\"elementor elementor-1273 elementor-511\" data-elementor-post-type=\"page\">\n\t\t\t\t<div class=\"elementor-element elementor-element-03a77d8 e-flex e-con-boxed e-con e-parent\" data-id=\"03a77d8\" data-element_type=\"container\" data-e-type=\"container\">\n\t\t\t\t\t<div class=\"e-con-inner\">\n\t\t\t\t<div class=\"elementor-element elementor-element-d04fe1f elementor-widget elementor-widget-text-editor\" data-id=\"d04fe1f\" data-element_type=\"widget\" data-e-type=\"widget\" data-widget_type=\"text-editor.default\">\n\t\t\t\t\t\t\t\t\t<header><h1>Location de voitures \u00e0 l&rsquo;a\u00e9roport d&rsquo;Alicante | Politique de confidentialit\u00e9<\/h1><\/header><div><h1 class=\"wp-block-heading\">Mentions l\u00e9gales et politique de confidentialit\u00e9<\/h1><p><strong>Il est important que vous lisiez attentivement les dispositions ci-dessous, et si vous avez des questions sur un aspect sp\u00e9cifique, nous vous invitons \u00e0 nous contacter.<\/strong><\/p><p><strong>Identit\u00e9 et propri\u00e9t\u00e9 du site web<\/strong><\/p><p>L&rsquo;entit\u00e9 responsable de ce site web est UNIONE MOTION S.L.<\/p><p>Pour toute question concernant les pr\u00e9sentes Mentions L\u00e9gales et les Conditions d&rsquo;Utilisation qui en d\u00e9coulent, en tant qu&rsquo;utilisateur, vous pouvez nous contacter par :<\/p><ul class=\"wp-block-list\"><li>Courrier \u00e9lectronique : rgpd@unione.es<\/li><li>Adresse postale : Calle Doctor Fleming, 399, 45600, Talavera de la Reina (Tol\u00e8de)<\/li><li>T\u00e9l\u00e9phone : (34) 688 70 33 20.<\/li><\/ul><h2 class=\"wp-block-heading\">CONDITIONS D&rsquo;UTILISATION<\/h2><h3 class=\"wp-block-heading\">Ceci est un contrat<\/h3><p>L&rsquo;acc\u00e8s, l&rsquo;utilisation, la navigation et la participation aux services et activit\u00e9s de ce site web vous conf\u00e8rent, d\u00e8s le d\u00e9but, le statut d&rsquo;Utilisateur. En poursuivant votre navigation, vous acceptez express\u00e9ment, volontairement et sans r\u00e9serve les Conditions d&rsquo;Utilisation de ce site web. Si vous d\u00e9cidez de ne pas accepter ces conditions, vous devez vous abstenir d&rsquo;acc\u00e9der et\/ou d&rsquo;utiliser les contenus et services propos\u00e9s sur ce site.<\/p><p>L&rsquo;acceptation des Conditions d&rsquo;Utilisation implique que vous, en tant qu&rsquo;Utilisateur :<\/p><ul class=\"wp-block-list\"><li>d\u00e9clarez avoir lu, compris et enti\u00e8rement assimil\u00e9 le contenu des Conditions.<\/li><li>d\u00e9clarez que toutes les informations que vous nous fournissez en utilisant l&rsquo;un de nos services sont v\u00e9ridiques et exactes, sans limitations, r\u00e9serves ou fausses d\u00e9clarations.<\/li><li>acceptez explicitement les pr\u00e9sentes <strong>Conditions d&rsquo;utilisation<\/strong>, ainsi que la <strong>Politique de confidentialit\u00e9<\/strong> et la <strong>Politique de cookies<\/strong>, concernant la finalit\u00e9 du traitement des donn\u00e9es, pr\u00e9alablement inform\u00e9 avant de nous envoyer vos informations personnelles.<\/li><\/ul><p>L&rsquo;utilisation et l&rsquo;acc\u00e8s \u00e0 ce site web sont gratuits, sans pr\u00e9judice du co\u00fbt de connexion et des donn\u00e9es via le r\u00e9seau de t\u00e9l\u00e9communications correspondant qui vous permet l&rsquo;acc\u00e8s en tant qu&rsquo;Utilisateur.<\/p><p>En tant qu&rsquo;Utilisateur, vous accordez \u00e0 UNIONE MOTION S.L. le droit d&rsquo;autoriser des tiers \u00e0 exercer les droits accord\u00e9s \u00e0 UNIONE MOTION S.L. en vertu de ces Conditions d&rsquo;Utilisation.<\/p><h3 class=\"wp-block-heading\">Propri\u00e9t\u00e9 intellectuelle et industrielle<\/h3><h3 class=\"wp-block-heading\">Qui est le propri\u00e9taire des contenus de ce site web ?<\/h3><p>Ce site web et les informations ou \u00e9l\u00e9ments qu&rsquo;il contient (y compris, mais sans s&rsquo;y limiter, sa programmation, son \u00e9dition, sa compilation et d&rsquo;autres \u00e9l\u00e9ments n\u00e9cessaires \u00e0 son fonctionnement, tous les designs, textes, graphiques, ic\u00f4nes, boutons, documents, informations, fichiers son et\/ou image, codes sources, entre autres), ainsi que les logos, marques, noms commerciaux ou autres signes distinctifs industriels ou commerciaux (ci-apr\u00e8s, le \u00ab\u00a0Contenu du site web\u00a0\u00bb) sont prot\u00e9g\u00e9s par des droits de propri\u00e9t\u00e9 intellectuelle et industrielle, dont UNIONE MOTION S.L. est titulaire ou d\u00e9tient une licence ou une autorisation expresse pour leur utilisation et communication publique par les tiers l\u00e9gitimes propri\u00e9taires pour leur inclusion sur ce site web.<\/p><h3 class=\"wp-block-heading\">Quelles sont les limitations et autorisations concernant l&rsquo;utilisation du contenu de ce site web ?<\/h3><p>En tant qu&rsquo;Utilisateur, vous vous engagez \u00e0 utiliser correctement les contenus et outils accessibles via ce site web, conform\u00e9ment \u00e0 la Loi et aux pr\u00e9sentes Conditions d&rsquo;Utilisation. Pour cette raison, vous acceptez express\u00e9ment d&rsquo;exon\u00e9rer UNIONE MOTION S.L. de toute responsabilit\u00e9 envers toute personne pouvant d\u00e9couler d&rsquo;une utilisation du Contenu du site web qui ne serait pas conforme \u00e0 ces Conditions d&rsquo;Utilisation ou \u00e0 la l\u00e9gislation en vigueur applicable \u00e0 tout moment.<\/p><p>En aucun cas, l&rsquo;utilisation de ce site web ne sera interpr\u00e9t\u00e9e comme accordant \u00e0 l&rsquo;Utilisateur une autorisation ou une licence, ni comme une renonciation, transmission ou cession totale ou partielle des droits de propri\u00e9t\u00e9 intellectuelle, industrielle ou d&rsquo;image, ni comme conf\u00e9rant un droit ou une attente de droit sans le consentement pr\u00e9alable, explicite et \u00e9crit de UNIONE MOTION S.L. ou des l\u00e9gitimes titulaires de ces droits.<\/p><p>Plus pr\u00e9cis\u00e9ment, en tant qu&rsquo;Utilisateur, vous n&rsquo;\u00eates pas autoris\u00e9 \u00e0 modifier, alt\u00e9rer, copier, r\u00e9utiliser, r\u00e9interpr\u00e9ter, exploiter, reproduire, communiquer publiquement, effectuer des publications secondaires ou ult\u00e9rieures, t\u00e9l\u00e9charger des fichiers, envoyer par courrier, transmettre, traiter ou distribuer de quelque mani\u00e8re que ce soit tout ou partie des contenus, ou r\u00e9aliser toute action \u00e0 des fins commerciales sur le contenu de ce site web sans l&rsquo;autorisation pr\u00e9alable et expresse de UNIONE MOTION S.L. ou des titulaires correspondants.<\/p><p>Toute utilisation non autoris\u00e9e pr\u00e9alablement par UNIONE MOTION S.L. sera consid\u00e9r\u00e9e comme une violation grave des droits de propri\u00e9t\u00e9 intellectuelle ou industrielle, pouvant entra\u00eener des actions judiciaires.<\/p><h2 class=\"wp-block-heading\">Responsabilit\u00e9s<\/h2><h3 class=\"wp-block-heading\">Quelles responsabilit\u00e9s assume UNIONE MOTION S.L. en tant que propri\u00e9taire de ce site web ?<\/h3><p>UNIONE MOTION S.L. sera uniquement et exclusivement responsable envers l&rsquo;Utilisateur des services qu&rsquo;elle fournit elle-m\u00eame via ce site Web et des contenus directement g\u00e9n\u00e9r\u00e9s et identifi\u00e9s par UNIONE MOTION S.L. sous ses signes distinctifs.<\/p><h3 class=\"wp-block-heading\">De quelles responsabilit\u00e9s UNIONE MOTION S.L. est-elle exclue ?<\/h3><p>UNIONE MOTION S.L. ne garantit pas le fonctionnement continu, ni la correcte visualisation, t\u00e9l\u00e9chargement ou utilit\u00e9 des informations contenues dans les pages de ce site web, qui peuvent \u00eatre entrav\u00e9es, compliqu\u00e9es ou interrompues par des facteurs ou des circonstances hors de notre contr\u00f4le ou ind\u00e9pendants de notre volont\u00e9.<\/p><h3 class=\"wp-block-heading\">Politique de liens<\/h3><p>Ce site web peut contenir des liens vers d&rsquo;autres sites web ou mentionner des noms commerciaux de tiers qui ont pr\u00e9alablement autoris\u00e9 UNIONE MOTION S.L. Ces sites web tiers sont sous leur propre responsabilit\u00e9 (ci-apr\u00e8s, \u00ab\u00a0Sites Li\u00e9s\u00a0\u00bb).<\/p><p>Si vous d\u00e9cidez de visiter un Site Li\u00e9, vous reconnaissez et acceptez que vous le faites \u00e0 votre propre discr\u00e9tion et qu&rsquo;il est de votre seule responsabilit\u00e9 de prendre toutes les mesures n\u00e9cessaires pour vous prot\u00e9ger contre les virus et autres \u00e9l\u00e9ments destructeurs, tout en \u00e9tant conscient que les conditions d&rsquo;utilisation \u00e9tablies par le Site Li\u00e9 s&rsquo;appliqueront.<\/p><h3 class=\"wp-block-heading\">Droit de modifier les Conditions d&rsquo;Utilisation<\/h3><p>UNIONE MOTION S.L. se r\u00e9serve le droit de modifier ces Conditions \u00e0 tout moment, en fonction de l&rsquo;\u00e9volution de ce site web et de son contenu.<\/p><h3 class=\"wp-block-heading\">L\u00e9gislation applicable et juridiction<\/h3><p>UNIONE MOTION S.L. a son si\u00e8ge en Espagne, ces mentions l\u00e9gales sont donc r\u00e9dig\u00e9es conform\u00e9ment \u00e0 la l\u00e9gislation espagnole et aux r\u00e9glementations applicables de l&rsquo;Union Europ\u00e9enne. Tout litige, r\u00e9clamation ou plainte r\u00e9sultant de ou li\u00e9 \u00e0 l&rsquo;utilisation de ce site web sera soumis \u00e0 cette l\u00e9gislation.<\/p><p><strong>Mentions L\u00e9gales et Conditions d&rsquo;Utilisation mises \u00e0 jour pour la derni\u00e8re fois le 25\/12\/2022.<\/strong><\/p><\/div>\t\t\t\t\t\t\t\t<\/div>\n\t\t\t\t\t<\/div>\n\t\t\t\t<\/div>\n\t\t\t\t<\/div>\n\t\t","protected":false},"excerpt":{"rendered":"<p>Location de voitures \u00e0 l&rsquo;a\u00e9roport d&rsquo;Alicante | Politique de confidentialit\u00e9 Mentions l\u00e9gales et politique de confidentialit\u00e9 Il est important que vous lisiez attentivement les dispositions ci-dessous, et si vous avez des questions sur un aspect sp\u00e9cifique, nous vous invitons \u00e0 nous contacter. Identit\u00e9 et propri\u00e9t\u00e9 du site web L&rsquo;entit\u00e9 responsable de ce site web est [&hellip;]<\/p>\n","protected":false},"author":1,"featured_media":0,"parent":0,"menu_order":0,"comment_status":"closed","ping_status":"closed","template":"","meta":{"footnotes":""},"class_list":["post-1273","page","type-page","status-publish","hentry"],"_links":{"self":[{"href":"https:\/\/moovers.tunueva.website\/fr\/wp-json\/wp\/v2\/pages\/1273","targetHints":{"allow":["GET"]}}],"collection":[{"href":"https:\/\/moovers.tunueva.website\/fr\/wp-json\/wp\/v2\/pages"}],"about":[{"href":"https:\/\/moovers.tunueva.website\/fr\/wp-json\/wp\/v2\/types\/page"}],"author":[{"embeddable":true,"href":"https:\/\/moovers.tunueva.website\/fr\/wp-json\/wp\/v2\/users\/1"}],"replies":[{"embeddable":true,"href":"https:\/\/moovers.tunueva.website\/fr\/wp-json\/wp\/v2\/comments?post=1273"}],"version-history":[{"count":0,"href":"https:\/\/moovers.tunueva.website\/fr\/wp-json\/wp\/v2\/pages\/1273\/revisions"}],"wp:attachment":[{"href":"https:\/\/moovers.tunueva.website\/fr\/wp-json\/wp\/v2\/media?parent=1273"}],"curies":[{"name":"wp","href":"https:\/\/api.w.org\/{rel}","templated":true}]}}