{"id":1981,"date":"2025-01-31T13:45:56","date_gmt":"2025-01-31T12:45:56","guid":{"rendered":"https:\/\/moovers.tunueva.website\/datenschutzbestimmungen\/"},"modified":"2025-04-28T09:47:02","modified_gmt":"2025-04-28T07:47:02","slug":"datenschutzbestimmungen","status":"publish","type":"page","link":"https:\/\/moovers.tunueva.website\/de\/datenschutzbestimmungen\/","title":{"rendered":"Datenschutzbestimmungen"},"content":{"rendered":"\t\t<div data-elementor-type=\"wp-page\" data-elementor-id=\"1981\" class=\"elementor elementor-1981 elementor-511\" data-elementor-post-type=\"page\">\n\t\t\t\t<div class=\"elementor-element elementor-element-03a77d8 e-flex e-con-boxed e-con e-parent\" data-id=\"03a77d8\" data-element_type=\"container\" data-e-type=\"container\">\n\t\t\t\t\t<div class=\"e-con-inner\">\n\t\t\t\t<div class=\"elementor-element elementor-element-d04fe1f elementor-widget elementor-widget-text-editor\" data-id=\"d04fe1f\" data-element_type=\"widget\" data-e-type=\"widget\" data-widget_type=\"text-editor.default\">\n\t\t\t\t\t\t\t\t\t<header><h1>Autovermietung am Flughafen Alicante | Datenschutz<\/h1><\/header><div><h1 class=\"wp-block-heading\">Rechtliche Hinweise und Datenschutzbestimmungen<\/h1><p><strong>Es ist wichtig, dass Sie die folgenden Informationen sorgf\u00e4ltig lesen, und wenn Sie Zweifel an einem bestimmten Aspekt haben, bitten wir Sie, sich mit uns in Verbindung zu setzen.<\/strong><\/p><p><strong>Identit\u00e4t und Eigentum der Website.<\/strong><\/p><p>Die f\u00fcr diese Webseite von UNIONE MOTION S.L. verantwortliche Stelle<\/p><p>Bei Fragen zu diesen rechtlichen Hinweisen und den Nutzungsbedingungen, die f\u00fcr Sie als Nutzer gelten, k\u00f6nnen Sie uns \u00fcber folgende Adresse kontaktieren:<\/p><ul class=\"wp-block-list\"><li>E-mail: rgpd@unione.es<\/li><li>Postanschrift: Calle Doctor Fleming, 399, 45600, Talavera de la Reina (Toledo)<\/li><li>Telefon: (34)688 70 33 20.<\/li><\/ul><h2 class=\"wp-block-heading\">NUTZUNGSBESTIMMUNGEN UND -BEDINGUNGEN<\/h2><h3 class=\"wp-block-heading\">Dies ist ein Vertrag<\/h3><p>Der Zugang, die Nutzung, die Navigation und die Teilnahme an den Dienstleistungen und Aktivit\u00e4ten dieser Website gibt Ihnen von Anfang an die Bedingung der Benutzer. Wenn Sie weiter surfen, wird davon ausgegangen, dass Sie die Nutzungsbedingungen dieser Website ausdr\u00fccklich, freiwillig und vorbehaltlos akzeptieren. Wenn Sie sich entscheiden, diese Bedingungen nicht zu akzeptieren, sollten Sie davon absehen, auf die auf dieser Website angebotenen Inhalte und Dienstleistungen zuzugreifen und\/oder sie zu nutzen.  <\/p><p>Die Annahme der Nutzungsbedingungen impliziert, dass Sie als Nutzer:<\/p><ul class=\"wp-block-list\"><li>erkl\u00e4rt, den Inhalt der Bedingungen gelesen, verstanden und vollst\u00e4ndig verstanden zu haben.<\/li><li>erkl\u00e4rt, dass alle Informationen, die Sie uns durch die Nutzung einer unserer Dienstleistungen zur Verf\u00fcgung stellen, wahrheitsgem\u00e4\u00df und genau sind, ohne Einschr\u00e4nkung, Einschr\u00e4nkung oder falsche Angaben zu machen.<\/li><li>dass Sie, um einige der \u00fcber diese Website angebotenen Dienste nutzen zu k\u00f6nnen, ausdr\u00fccklich die folgenden <strong>Nutzungsbedingungen<\/strong> sowie die <strong>Datenschutz<\/strong>&#8211; und <strong>Cookie-Politik<\/strong> hinsichtlich des Zwecks der Datenverarbeitung akzeptieren, \u00fcber die Sie zuvor informiert wurden, um Ihnen Ihre pers\u00f6nlichen Daten zu \u00fcbermitteln.<\/li><\/ul><p>Die Nutzung und der Zugang zu dieser Website sind kostenlos, unbeschadet der Kosten f\u00fcr die Verbindung und die Daten\u00fcbertragung \u00fcber das entsprechende Telekommunikationsnetz, das den Zugang als Nutzer erm\u00f6glicht.<\/p><p>Als Nutzer r\u00e4umen Sie UNIONE MOTION S.L. das Recht ein, Dritte zu erm\u00e4chtigen, die UNIONE MOTION S.L. im Rahmen der vorliegenden Nutzungsbedingungen gew\u00e4hrten Rechte auszu\u00fcben.<\/p><h3 class=\"wp-block-heading\">Geistiges und gewerbliches Eigentum<\/h3><h3 class=\"wp-block-heading\">Wer ist der Eigent\u00fcmer der Inhalte dieser Website?<\/h3><p>Diese Website und die darin enthaltenen Informationen oder Elemente (einschlie\u00dflich, aber nicht beschr\u00e4nkt auf ihre Programmierung, Bearbeitung, Zusammenstellung und andere f\u00fcr ihren Betrieb notwendige Elemente, alle Designs, Texte, Grafiken, Icons, Schaltfl\u00e4chen, Dokumente, Informationen, Ton- und\/oder Bilddateien, Entw\u00fcrfe, Quellcodes u. a.) sowie Logos, Marken, Handelsnamen oder andere Unterscheidungszeichen, gewerbliche oder sonstige Zeichen, die f\u00fcr eine gewerbliche und kommerzielle Nutzung geeignet sind (im Folgenden \u201eWebsite-Inhalte\u201c), sind durch geistige und gewerbliche Eigentumsrechte gesch\u00fctzt, deren Inhaber UNIONE MOTION S. L Eigent\u00fcmerin ist oder \u00fcber eine Lizenz oder eine ausdr\u00fcckliche Genehmigung f\u00fcr ihre Nutzung und \u00f6ffentliche Bekanntmachung durch die rechtm\u00e4\u00dfigen Eigent\u00fcmer dieser Rechte f\u00fcr ihre Aufnahme in diese Website verf\u00fcgt.<\/p><h3 class=\"wp-block-heading\">Was sind die Grenzen und Berechtigungen f\u00fcr die Nutzung der Inhalte dieser Website?<\/h3><p>Als Nutzer erkl\u00e4ren Sie sich damit einverstanden, die Inhalte und Tools, die \u00fcber diese Website zug\u00e4nglich sind, unter Einhaltung des Gesetzes und der vorliegenden Nutzungsbedingungen angemessen zu nutzen. Aus diesem Grund erkl\u00e4ren Sie sich ausdr\u00fccklich damit einverstanden, UNIONE MOTION S.L. von jeglicher Haftung gegen\u00fcber Personen freizustellen, die sich aus einer Nutzung der Inhalte der Website ergeben, die nicht im Einklang mit den vorliegenden Nutzungsbedingungen oder dem jeweils geltenden Recht steht, das auf Sie anwendbar ist. <\/p><p>In keinem Fall kann davon ausgegangen werden, dass die Nutzung dieser Website dem Nutzer eine wie auch immer geartete Genehmigung oder Lizenz gew\u00e4hrt, noch dass ein Verzicht, eine \u00dcbertragung, eine vollst\u00e4ndige oder teilweise \u00dcbertragung von geistigen, gewerblichen oder Bildrechten erfolgt, noch dass ein Recht oder eine Erwartung von Rechten ohne die vorherige, ausdr\u00fcckliche und schriftliche Zustimmung von UNIONE MOTION S.L. oder der rechtm\u00e4\u00dfigen Inhaber dieser Rechte gew\u00e4hrt wird.<\/p><p>Insbesondere sind Sie als Nutzer nicht befugt, die Inhalte dieser Website ohne vorherige ausdr\u00fcckliche Genehmigung von UNIONE MOTION S.L. oder der entsprechenden Eigent\u00fcmer zu ver\u00e4ndern, zu kopieren, wiederzuverwenden, neu zu interpretieren, zu verwerten, zu reproduzieren, \u00f6ffentlich zu kommunizieren, Zweit- oder Folgever\u00f6ffentlichungen vorzunehmen, Dateien hochzuladen, per Post zu versenden, zu \u00fcbertragen, zu nutzen, zu behandeln oder in irgendeiner Weise zu vertreiben oder Handlungen zu kommerziellen Zwecken mit den Inhalten dieser Website auszuf\u00fchren.<\/p><p>UNIONE MOTION S.L. spricht sich insbesondere ausdr\u00fccklich dagegen aus, dass die Wiedergabe ihrer Seiten als Zitat im Sinne des Artikels 32.1, zweiter Absatz, des Gesetzes \u00fcber geistiges Eigentum betrachtet wird.<\/p><p>Jede nicht von UNIONE MOTION S.L. genehmigte Nutzung wird als schwerwiegende Verletzung der Rechte an geistigem oder gewerblichem Eigentum betrachtet und kann zu rechtlichen Schritten f\u00fchren.<\/p><p>Bei vollst\u00e4ndiger oder teilweiser Nichteinhaltung der vorliegenden Nutzungsbedingungen durch den Benutzer beh\u00e4lt sich UNIONE MOTION S.L. das Recht vor, den Zugang zu dieser Website ohne vorherige Ank\u00fcndigung zu sperren.<\/p><p>UNIONE MOTION S.L. gestattet Ihnen die Ansicht, das Herunterladen und den Ausdruck des Inhalts der Website unter den folgenden Bedingungen:<\/p><ul class=\"wp-block-list\"><li>Sie d\u00fcrfen den Inhalt der Website ohne vorherige schriftliche Genehmigung von UNIONE MOTION S.L. nicht zu kommerziellen Zwecken verwenden, sondern nur f\u00fcr den pers\u00f6nlichen Gebrauch;<\/li><li>Sie d\u00fcrfen diese Website nicht nutzen, um unaufgeforderte oder unerw\u00fcnschte Werbung zu versenden;<\/li><li>Sie d\u00fcrfen den Inhalt dieser Website nicht f\u00fcr Aktivit\u00e4ten verwenden, die rechtswidrig sind oder gegen Treu und Glauben und die \u00f6ffentliche Ordnung versto\u00dfen;<\/li><li>Sie d\u00fcrfen keine Urheberrechts-, Marken- oder andere Hinweise auf geistiges Eigentum oder andere Eigentumsvermerke, die im Inhalt der Website enthalten sind, entfernen oder ver\u00e4ndern;<\/li><li>Sie d\u00fcrfen keine b\u00f6sartige Software (Viren oder Malware) in das Netz einf\u00fchren oder verbreiten, die geeignet ist, die Computersysteme des Zugangsanbieters, seiner Lieferanten oder dritter Internetnutzer zu sch\u00e4digen.<\/li><\/ul><h2 class=\"wp-block-heading\">Zust\u00e4ndigkeiten<\/h2><h3 class=\"wp-block-heading\">Welche Verantwortung \u00fcbernimmt UNIONE MOTION S.L. als Eigent\u00fcmer dieser Website?<\/h3><p>UNIONE MOTION S.L. haftet gegen\u00fcber dem Nutzer einzig und allein f\u00fcr die von ihr \u00fcber diese Website erbrachten Dienstleistungen und f\u00fcr die Inhalte, die direkt von UNIONE MOTION S.L. stammen und mit ihren Unterscheidungsmerkmalen gekennzeichnet sind.<\/p><h3 class=\"wp-block-heading\"> Von welchen Aufgaben schlie\u00dft UNIONE MOTION S.L. sich selbst aus?<\/h3><p>UNIONE MOTION S.L. garantiert weder das ununterbrochene Funktionieren noch die korrekte Darstellung, das Herunterladen oder die N\u00fctzlichkeit der auf den Seiten dieser Website enthaltenen Informationen, die durch Faktoren oder Umst\u00e4nde, die sich unserer Kontrolle entziehen, behindert oder unterbrochen werden k\u00f6nnen.<\/p><p>Insbesondere \u00fcbernimmt UNIONE MOTION S.L. keinerlei Haftung f\u00fcr Sch\u00e4den, Verluste, Anspr\u00fcche oder Kosten, die durch:<\/p><ul class=\"wp-block-list\"><li>St\u00f6rungen, Unterbrechungen, Vers\u00e4umnisse, Auslassungen, Verz\u00f6gerungen, Blockaden oder Unterbrechungen, die durch Fehler in den Telekommunikationsleitungen und -netzen oder durch andere Ursachen au\u00dferhalb der Kontrolle des Eigent\u00fcmers von UNIONE MOTION S.L. verursacht werden.<\/li><\/ul><ul class=\"wp-block-list\"><li>Unerlaubte Eingriffe durch die Verwendung von Schadsoftware jeglicher Art und durch jegliche Kommunikationsmittel wie Computerviren oder andere Mittel.<\/li><li>Unsachgem\u00e4\u00dfe oder unangemessene Nutzung dieser Website.<\/li><li>dass die Erwartungen des Nutzers in Bezug auf diese Website und\/oder ihren Inhalt nicht erf\u00fcllt werden.<\/li><li>Empfang, Erhalt, Speicherung, Verbreitung der Inhalte durch die Nutzer sowie deren unerlaubte, fahrl\u00e4ssige oder betr\u00fcgerische Nutzung, die gegen diese Bedingungen, gegen Treu und Glauben, gegen allgemein anerkannte Gebr\u00e4uche oder gegen die \u00f6ffentliche Ordnung verst\u00f6\u00dft.<\/li><li>Das Zusammentreffen von h\u00f6herer Gewalt.<\/li><li>oder dass die Konfiguration der Ger\u00e4te des Benutzers nicht ausreicht, um die korrekte Nutzung der von UNIONE MOTION S.L. angebotenen Online-Informationsdienste zu erm\u00f6glichen.<\/li><li>Sicherheits- oder Browsingfehler, die durch eine Fehlfunktion des Browsers des Nutzers oder durch die Verwendung nicht aktualisierter Versionen verursacht werden.<\/li><li>Nichtfunktionieren oder Probleme mit der vom Nutzer \u00fcber die Kontakt-E-Mail angegebenen E-Mail-Adresse.<\/li><li>Die Verwendung der Inhalte durch die Nutzer.<\/li><li>Der eventuelle Verlust von Benutzerdaten aufgrund von Ursachen, die nicht auf den von UNIONE MOTION S.L. angebotenen Informationsdienst zur\u00fcckzuf\u00fchren sind.<\/li><\/ul><p>Nichtsdestotrotz steht UNIONE MOTION S.L. allen Nutzern, Beh\u00f6rden und Sicherheitskr\u00e4ften zur Verf\u00fcgung, um aktiv an der Entfernung oder, falls erforderlich, an der Sperrung aller Inhalte mitzuwirken, die die nationale oder internationale Gesetzgebung, die Rechte Dritter oder die Moral und die \u00f6ffentliche Ordnung beeintr\u00e4chtigen oder verletzen k\u00f6nnten.<\/p><p>Sollten Sie der Meinung sein, dass es auf dieser Website Inhalte gibt, auf die diese Einstufung zutreffen k\u00f6nnte, benachrichtigen Sie uns bitte unverz\u00fcglich auf einem der am Anfang dieses rechtlichen Hinweises angegebenen Wege.<\/p><h3 class=\"wp-block-heading\">Verkn\u00fcpfungspolitik<\/h3><p>Diese Website kann Links zu anderen Websites enthalten oder den Markennamen von Dritten nennen, die UNIONE MOTION S.L. zuvor autorisiert hat. Diese Websites Dritter unterliegen der Verantwortung der Dritten (im Folgenden \u201everlinkte Seiten\u201c).<\/p><p>Wenn Sie sich entschlie\u00dfen, eine verlinkte Website zu besuchen, erkennen Sie an und erkl\u00e4ren sich damit einverstanden, dass Sie dies nach eigenem Ermessen tun und dass es in Ihrer alleinigen Verantwortung liegt, alle erforderlichen Ma\u00dfnahmen zu ergreifen, um sich vor Viren und anderen zerst\u00f6rerischen Elementen zu sch\u00fctzen, die von diesen Websites ausgehen k\u00f6nnen, und dass Sie sich dar\u00fcber im Klaren sind, dass die von der betreffenden verlinkten Website festgelegten Nutzungsbedingungen f\u00fcr Sie gelten, auch wenn Sie \u00fcber einen bestimmten Link von dieser Website aus darauf zugegriffen haben.<\/p><p>Ebenso akzeptiert der Nutzer, UNIONE MOTION S.L. von jeglicher Verantwortung f\u00fcr eventuelle Verletzungen der geistigen oder gewerblichen Eigentumsrechte der Eigent\u00fcmer der verlinkten Seiten, von jeglicher Verantwortung f\u00fcr die technische Verf\u00fcgbarkeit derselben, die Qualit\u00e4t, Zuverl\u00e4ssigkeit, Genauigkeit und\/oder Wahrhaftigkeit der Dienstleistungen, Informationen, Elemente und\/oder Inhalte, auf die er als Nutzer zugreifen kann, zu befreien.<\/p><p>Die Einrichtung jeglicher Art von Links durch UNIONE MOTION S.L. zu einer externen verlinkten Website bedeutet nicht, dass irgendeine Art von Beziehung, Zusammenarbeit oder Abh\u00e4ngigkeit zwischen UNIONE MOTION S.L. und dem Verantwortlichen der externen verlinkten Website besteht. UNIONE MOTION S.L. garantiert, vertritt, sponsert oder bef\u00fcrwortet keine verlinkte Website, die Eigentum von Dritten ist, die \u00fcber diese Website verlinkt oder zitiert werden. <\/p><p>UNIONE MOTION S.L. ist f\u00fcr die auf den verlinkten Seiten bereitgestellten Inhalte nur insoweit verantwortlich, als sie von der Rechtswidrigkeit tats\u00e4chlich Kenntnis hat und den Link nicht mit der gebotenen Sorgfalt deaktiviert hat.<\/p><p>Sollte der Nutzer der Ansicht sein, dass es eine verlinkte Website mit rechtswidrigem oder unangemessenem Inhalt gibt, muss er uns auf eine der am Anfang dieses rechtlichen Hinweises angegebenen Arten benachrichtigen, ohne dass diese Benachrichtigung in jedem Fall die Verpflichtung nach sich zieht, den entsprechenden Link zu entfernen.<\/p><h3 class=\"wp-block-heading\">Privatsph\u00e4re, Schutz pers\u00f6nlicher Daten und Cookies.<\/h3><p>UNIONE MOTION S.L. garantiert die vollst\u00e4ndige Einhaltung der Verpflichtungen, die ihr in ihrer Eigenschaft als Verantwortliche f\u00fcr die Datenverarbeitung obliegen, sowie aller anderen Verpflichtungen, die ihr gem\u00e4\u00df der geltenden nationalen und europ\u00e4ischen Gesetzgebung zum Schutz personenbezogener Daten zukommen k\u00f6nnen.<\/p><p>Wir erheben, verwenden, offenlegen, \u00fcbertragen und speichern personenbezogene Daten, soweit dies zur Erbringung unserer Dienstleistungen und f\u00fcr unsere betrieblichen und gesch\u00e4ftlichen Zwecke erforderlich ist. Wir m\u00f6chten unsere Datenschutzpraktiken deutlich machen, damit Sie fundierte Entscheidungen \u00fcber die Verwendung Ihrer Daten treffen k\u00f6nnen. <\/p><p>UNIONE MOTION S.L. informiert den Nutzer dar\u00fcber, dass \u00fcber diese Website personenbezogene Daten verarbeitet werden, um auf Anfragen zu antworten, die \u00fcber unsere verschiedenen Kontaktformulare auf dieser Website oder direkt an unsere auf der Website ver\u00f6ffentlichten Adressen gesendet werden.<\/p><p>Bevor Sie uns Ihre Daten \u00fcbermitteln, werden Sie eindeutig \u00fcber den Zweck der Verarbeitung sowie \u00fcber alle anderen Aspekte informiert, die Sie ber\u00fccksichtigen sollten, bevor Sie uns Ihre pers\u00f6nlichen Daten zur Verf\u00fcgung stellen. Wenn Sie weitere Informationen \u00fcber die von UNIONE MOTION S.L. durchgef\u00fchrte Verarbeitung erhalten m\u00f6chten, k\u00f6nnen Sie unsere Datenschutzrichtlinie besuchen. <\/p><p>UNIONE MOTION S.L. verpflichtet sich, bei der Vergabe von Dienstleistungen an Dritte, die den Zugang zu oder die Verarbeitung von Daten der Nutzer dieser Website beinhalten, Vertr\u00e4ge mit Datenverarbeitern zu unterzeichnen, in denen die Verarbeitungsanweisungen genau festgelegt sind, wobei jederzeit die Einhaltung der technischen und organisatorischen Sicherheitsma\u00dfnahmen gew\u00e4hrleistet wird, die die Einhaltung der gesetzlichen Bestimmungen bei der Verarbeitung personenbezogener Daten garantieren.<\/p><p>UNIONE MOTION S.L. und unsere externen Zulieferer erstellen und verwenden Cookies und \u00e4hnliche Technologien, um bestimmte Funktionen auszuf\u00fchren, die f\u00fcr das korrekte Funktionieren und die Darstellung der Inhalte dieser Website als wesentlich erachtet werden, damit Sie unsere Inhalte in sozialen Netzwerken teilen k\u00f6nnen, um Auswertungsstatistiken und Verbesserungsvorschl\u00e4ge f\u00fcr die Website zu erstellen, um Benutzerpr\u00e4ferenzen zu speichern und zu verwalten, um gezielte Werbung anzubieten, um Inhalte zu erm\u00f6glichen und um analytische und Nutzungsdaten zu sammeln.<br>\u00dcbersetzt mit DeepL.com (kostenlose Version)<\/p><p>Weitere Informationen dar\u00fcber, wie wir Cookies und \u00e4hnliche Technologien verwenden und wie Sie diese einstellen und kontrollieren k\u00f6nnen, finden Sie in unserer Cookie-Richtlinie.<\/p><h3 class=\"wp-block-heading\">Wir behalten uns das Recht vor, die Nutzungsbedingungen zu \u00e4ndern.<\/h3><p>UNIONE MOTION S.L. kann die vorliegenden Bedingungen jederzeit unter Ber\u00fccksichtigung der Entwicklung dieser Website und der darin angebotenen Inhalte \u00e4ndern und beh\u00e4lt sich das Recht vor, jederzeit und einseitig einige der vorliegenden Nutzungsbedingungen zu \u00e4ndern, hinzuzuf\u00fcgen oder zu streichen, wenn sie dies aus rechtlichen oder technischen Gr\u00fcnden oder aufgrund von \u00c4nderungen der Art oder des Layouts der Website f\u00fcr notwendig erachtet, ohne dass eine Verpflichtung besteht, dem Benutzer diese \u00c4nderungen mitzuteilen oder mitzuteilen, wobei die Ver\u00f6ffentlichung auf der Website selbst als ausreichend erachtet wird.<\/p><p>Ebenso kann UNIONE MOTION S.L. ohne Vorank\u00fcndigung und ohne jegliche Haftung den Zugang zu bestimmten Einrichtungen und Diensten einschr\u00e4nken oder den Zugang zu bestimmten Teilen oder der gesamten Website durch Registrierung beschr\u00e4nken.<\/p><p>Alle \u00c4nderungen werden in Bezug auf die Benutzer wirksam, die diese Website nach der Ver\u00f6ffentlichung solcher \u00c4nderungen nutzen. Ihre fortgesetzte Nutzung dieser Website nach der Ver\u00f6ffentlichung von \u00c4nderungen gilt als Zustimmung zu diesen \u00c4nderungen. Daher wird am Ende dieser Nutzungsbedingungen immer das letzte Datum ihrer Aktualisierung ver\u00f6ffentlicht, so dass die eingef\u00fchrten \u00c4nderungen ab diesem Datum wirksam werden.  <\/p><p>Sollten Sie als Nutzer mit den Aktualisierungen der Nutzungsbedingungen nicht einverstanden sein, k\u00f6nnen Sie von den Nutzungsbedingungen zur\u00fccktreten, indem Sie nicht mehr auf diese Website zugreifen oder, wenn Sie Ihre personenbezogenen Daten angegeben haben, Ihre Rechte aus\u00fcben, wie in unserer Datenschutzrichtlinie n\u00e4her erl\u00e4utert.<\/p><h3 class=\"wp-block-heading\">Anwendbares Recht und Gerichtsbarkeit.<\/h3><p>UNIONE MOTION S.L. hat seinen Sitz in Spanien, und daher wurden die vorliegenden rechtlichen Bedingungen in \u00dcbereinstimmung mit der spanischen Gesetzgebung und den geltenden Vorschriften der Europ\u00e4ischen Union verfasst. Im Falle eines Konflikts unterliegen Anspr\u00fcche oder Beschwerden, die sich aus der Nutzung dieser Website ergeben oder mit ihr in Zusammenhang stehen, der oben genannten Gesetzgebung, unbeschadet der Grunds\u00e4tze des Kollisionsrechts, die f\u00fcr jeden Fall gelten. <\/p><p>Der Benutzer akzeptiert, dass die Anspr\u00fcche oder Beschwerden gegen UNIONE MOTION S.L., die sich aus dem Betrieb oder der Nutzung dieser Website ergeben oder damit in Zusammenhang stehen, von dem zust\u00e4ndigen Gericht in Calle M\u00e9rida, 9, 45600 Talavera de la Reina, Toledo, entschieden werden. Wenn UNIONE MOTION S.L. irgendeine Art von Klage erheben muss, wird sie dies vor dem zust\u00e4ndigen Gericht des Wohnsitzes des Nutzers oder in Calle M\u00e9rida, 9, 45600 Talavera de la Reina, Toledo, im Falle von juristischen Personen oder Nicht-Verbrauchern tun. <\/p><p>Wenn Sie von einem Ort au\u00dferhalb Spaniens auf diese Website zugreifen, sind Sie f\u00fcr die Einhaltung aller geltenden lokalen und internationalen Gesetze verantwortlich.<\/p><p><strong>Rechtliche Hinweise und Nutzungsbedingungen zuletzt aktualisiert am 25\/12\/2022.<\/strong><\/p><\/div>\t\t\t\t\t\t\t\t<\/div>\n\t\t\t\t\t<\/div>\n\t\t\t\t<\/div>\n\t\t\t\t<\/div>\n\t\t","protected":false},"excerpt":{"rendered":"<p>Autovermietung am Flughafen Alicante | Datenschutz Rechtliche Hinweise und Datenschutzbestimmungen Es ist wichtig, dass Sie die folgenden Informationen sorgf\u00e4ltig lesen, und wenn Sie Zweifel an einem bestimmten Aspekt haben, bitten wir Sie, sich mit uns in Verbindung zu setzen. Identit\u00e4t und Eigentum der Website. Die f\u00fcr diese Webseite von UNIONE MOTION S.L. verantwortliche Stelle Bei [&hellip;]<\/p>\n","protected":false},"author":1,"featured_media":0,"parent":0,"menu_order":0,"comment_status":"closed","ping_status":"closed","template":"","meta":{"footnotes":""},"class_list":["post-1981","page","type-page","status-publish","hentry"],"_links":{"self":[{"href":"https:\/\/moovers.tunueva.website\/de\/wp-json\/wp\/v2\/pages\/1981","targetHints":{"allow":["GET"]}}],"collection":[{"href":"https:\/\/moovers.tunueva.website\/de\/wp-json\/wp\/v2\/pages"}],"about":[{"href":"https:\/\/moovers.tunueva.website\/de\/wp-json\/wp\/v2\/types\/page"}],"author":[{"embeddable":true,"href":"https:\/\/moovers.tunueva.website\/de\/wp-json\/wp\/v2\/users\/1"}],"replies":[{"embeddable":true,"href":"https:\/\/moovers.tunueva.website\/de\/wp-json\/wp\/v2\/comments?post=1981"}],"version-history":[{"count":0,"href":"https:\/\/moovers.tunueva.website\/de\/wp-json\/wp\/v2\/pages\/1981\/revisions"}],"wp:attachment":[{"href":"https:\/\/moovers.tunueva.website\/de\/wp-json\/wp\/v2\/media?parent=1981"}],"curies":[{"name":"wp","href":"https:\/\/api.w.org\/{rel}","templated":true}]}}